{"id":143,"date":"2021-05-05T08:30:12","date_gmt":"2021-05-05T08:30:12","guid":{"rendered":"https:\/\/www.lemmikkienlakipalvelut.fi\/?page_id=143"},"modified":"2023-06-07T13:06:55","modified_gmt":"2023-06-07T13:06:55","slug":"meista","status":"publish","type":"page","link":"https:\/\/www.lemmikkienlakipalvelut.fi\/en\/meista\/","title":{"rendered":"About Us"},"content":{"rendered":"<h1>Jan-Olof Nyholm<\/h1>\n<p>Pets have always been present in my everyday life. When I was born, my family had a black cockerspaniel named Negi. I heard that Negi was defending me in the stroller when my mother was buying bread and milk. No living creature had a chance to even look inside the stroller. When I was at home, Negi was teasing me by pulling on my diaper while I was trying to crawl on the floor.<\/p>\n<p>When I was 6-7 years old, I got a cat who approached me one night when I was outside collecting butterflies. Micki refused to leave us and we lived together for the next 13 years.<\/p>\n<p>We got our next pet when I was living in France and had an own family and two kids. That was when we had our first golden retriever with a great character, whom we named Coco. We spent 11 happy years together, until Coco left us in 2007.<\/p>\n<p>The following years were spent without a dog, until Jenni came to our lives in 2010. Then we had another golden retriever Sandy, who sadly passed away far too young. <br \/>In 2019 I went to Sweden to get a new family member, a golden retriever named Emma. Emma cheered up her older sister Jenni and all of us who had been a part of Emma\u2019s daily life. It was a surprise for me that the swedish immense self confidence has reached the dogs too.<\/p>\n<p>My love for these fourlegged friends is strong. It feels great to promote these pets\u2019 lives and rights together with our professional team.<\/p>\n<p>This is why I started this first law office for pets.<\/p>\n<p>\t\t\t\t\t\t\t\t\t\t\t\t<img decoding=\"async\" width=\"660\" height=\"880\" src=\"https:\/\/www.lemmikkienlakipalvelut.fi\/wp-content\/uploads\/2021\/05\/IMG_0451-768x1024.jpg\" alt=\"\" loading=\"lazy\" srcset=\"https:\/\/www.lemmikkienlakipalvelut.fi\/wp-content\/uploads\/2021\/05\/IMG_0451-768x1024.jpg 768w, https:\/\/www.lemmikkienlakipalvelut.fi\/wp-content\/uploads\/2021\/05\/IMG_0451-225x300.jpg 225w, https:\/\/www.lemmikkienlakipalvelut.fi\/wp-content\/uploads\/2021\/05\/IMG_0451.jpg 900w\" sizes=\"(max-width: 660px) 100vw, 660px\" \/><\/p>","protected":false},"excerpt":{"rendered":"<p>Jan-Olof Nyholm Lemmikit ovat olleet arjessani l\u00e4sn\u00e4 koko el\u00e4m\u00e4ni. Kun synnyin, perheess\u00e4mme oli jo musta cockerspanieli nimelt\u00e4\u00e4n Negi. Olen kuullut, ett\u00e4 se puolusti \u00e4rh\u00e4k\u00e4sti minua lastenvanuissa, kun \u00e4iti k\u00e4vi hakemassa Elannosta leip\u00e4\u00e4 ja maitoa. Yhdell\u00e4k\u00e4\u00e4n el\u00e4v\u00e4ll\u00e4 olennolla koosta riippumatta ei ollut mit\u00e4\u00e4n asiaa kurkkaaman vaunuista sis\u00e4lle. Kotona t\u00e4m\u00e4 Negi sitten kiusasi minua vet\u00e4m\u00e4ll\u00e4 minua vaipoista, [&hellip;]<\/p>","protected":false},"author":1,"featured_media":0,"parent":0,"menu_order":0,"comment_status":"closed","ping_status":"closed","template":"elementor_header_footer","meta":{"hide_page_title":""},"yoast_head":"<!-- This site is optimized with the Yoast SEO plugin v21.8.1 - https:\/\/yoast.com\/wordpress\/plugins\/seo\/ -->\n<title>Meist\u00e4 - Lemmikkien lakipalvelut<\/title>\n<meta name=\"robots\" content=\"index, follow, max-snippet:-1, max-image-preview:large, max-video-preview:-1\" \/>\n<link rel=\"canonical\" href=\"https:\/\/www.lemmikkienlakipalvelut.fi\/en\/meista\/\" \/>\n<meta property=\"og:locale\" content=\"en_GB\" \/>\n<meta property=\"og:type\" content=\"article\" \/>\n<meta property=\"og:title\" content=\"Meist\u00e4 - Lemmikkien lakipalvelut\" \/>\n<meta property=\"og:description\" content=\"Jan-Olof Nyholm Lemmikit ovat olleet arjessani l\u00e4sn\u00e4 koko el\u00e4m\u00e4ni. Kun synnyin, perheess\u00e4mme oli jo musta cockerspanieli nimelt\u00e4\u00e4n Negi. Olen kuullut, ett\u00e4 se puolusti \u00e4rh\u00e4k\u00e4sti minua lastenvanuissa, kun \u00e4iti k\u00e4vi hakemassa Elannosta leip\u00e4\u00e4 ja maitoa. Yhdell\u00e4k\u00e4\u00e4n el\u00e4v\u00e4ll\u00e4 olennolla koosta riippumatta ei ollut mit\u00e4\u00e4n asiaa kurkkaaman vaunuista sis\u00e4lle. Kotona t\u00e4m\u00e4 Negi sitten kiusasi minua vet\u00e4m\u00e4ll\u00e4 minua vaipoista, [&hellip;]\" \/>\n<meta property=\"og:url\" content=\"https:\/\/www.lemmikkienlakipalvelut.fi\/en\/meista\/\" \/>\n<meta property=\"og:site_name\" content=\"Lemmikkien lakipalvelut\" \/>\n<meta property=\"article:publisher\" content=\"https:\/\/www.facebook.com\/Lemmikkiel%c3%a4inten-lakiasiaintoimisto-JenniMinni-102363868709126\/\" \/>\n<meta property=\"article:modified_time\" content=\"2023-06-07T13:06:55+00:00\" \/>\n<meta property=\"og:image\" content=\"https:\/\/www.lemmikkienlakipalvelut.fi\/wp-content\/uploads\/2021\/05\/IMG_0451-768x1024.jpg\" \/>\n<meta name=\"twitter:card\" content=\"summary_large_image\" \/>\n<meta name=\"twitter:label1\" content=\"Estimated reading time\" \/>\n\t<meta name=\"twitter:data1\" content=\"2 minutes\" \/>\n<script type=\"application\/ld+json\" class=\"yoast-schema-graph\">{\"@context\":\"https:\/\/schema.org\",\"@graph\":[{\"@type\":\"WebPage\",\"@id\":\"https:\/\/www.lemmikkienlakipalvelut.fi\/meista\/\",\"url\":\"https:\/\/www.lemmikkienlakipalvelut.fi\/meista\/\",\"name\":\"Meist\u00e4 - Lemmikkien lakipalvelut\",\"isPartOf\":{\"@id\":\"https:\/\/www.lemmikkienlakipalvelut.fi\/#website\"},\"datePublished\":\"2021-05-05T08:30:12+00:00\",\"dateModified\":\"2023-06-07T13:06:55+00:00\",\"breadcrumb\":{\"@id\":\"https:\/\/www.lemmikkienlakipalvelut.fi\/meista\/#breadcrumb\"},\"inLanguage\":\"en-GB\",\"potentialAction\":[{\"@type\":\"ReadAction\",\"target\":[\"https:\/\/www.lemmikkienlakipalvelut.fi\/meista\/\"]}]},{\"@type\":\"BreadcrumbList\",\"@id\":\"https:\/\/www.lemmikkienlakipalvelut.fi\/meista\/#breadcrumb\",\"itemListElement\":[{\"@type\":\"ListItem\",\"position\":1,\"name\":\"Etusivu\",\"item\":\"https:\/\/www.lemmikkienlakipalvelut.fi\/\"},{\"@type\":\"ListItem\",\"position\":2,\"name\":\"Meist\u00e4\"}]},{\"@type\":\"WebSite\",\"@id\":\"https:\/\/www.lemmikkienlakipalvelut.fi\/#website\",\"url\":\"https:\/\/www.lemmikkienlakipalvelut.fi\/\",\"name\":\"Lemmikkien lakipalvelut\",\"description\":\"\",\"publisher\":{\"@id\":\"https:\/\/www.lemmikkienlakipalvelut.fi\/#organization\"},\"potentialAction\":[{\"@type\":\"SearchAction\",\"target\":{\"@type\":\"EntryPoint\",\"urlTemplate\":\"https:\/\/www.lemmikkienlakipalvelut.fi\/?s={search_term_string}\"},\"query-input\":\"required name=search_term_string\"}],\"inLanguage\":\"en-GB\"},{\"@type\":\"Organization\",\"@id\":\"https:\/\/www.lemmikkienlakipalvelut.fi\/#organization\",\"name\":\"Lemmikkienlakipalvelut\",\"url\":\"https:\/\/www.lemmikkienlakipalvelut.fi\/\",\"logo\":{\"@type\":\"ImageObject\",\"inLanguage\":\"en-GB\",\"@id\":\"https:\/\/www.lemmikkienlakipalvelut.fi\/#\/schema\/logo\/image\/\",\"url\":\"https:\/\/www.lemmikkienlakipalvelut.fi\/wp-content\/uploads\/2021\/05\/Vector-file.png\",\"contentUrl\":\"https:\/\/www.lemmikkienlakipalvelut.fi\/wp-content\/uploads\/2021\/05\/Vector-file.png\",\"width\":4276,\"height\":2881,\"caption\":\"Lemmikkienlakipalvelut\"},\"image\":{\"@id\":\"https:\/\/www.lemmikkienlakipalvelut.fi\/#\/schema\/logo\/image\/\"},\"sameAs\":[\"https:\/\/www.facebook.com\/Lemmikkiel\u00e4inten-lakiasiaintoimisto-JenniMinni-102363868709126\/\"]}]}<\/script>\n<!-- \/ Yoast SEO plugin. -->","yoast_head_json":{"title":"Meist\u00e4 - Lemmikkien lakipalvelut","robots":{"index":"index","follow":"follow","max-snippet":"max-snippet:-1","max-image-preview":"max-image-preview:large","max-video-preview":"max-video-preview:-1"},"canonical":"https:\/\/www.lemmikkienlakipalvelut.fi\/en\/meista\/","og_locale":"en_GB","og_type":"article","og_title":"Meist\u00e4 - Lemmikkien lakipalvelut","og_description":"Jan-Olof Nyholm Lemmikit ovat olleet arjessani l\u00e4sn\u00e4 koko el\u00e4m\u00e4ni. Kun synnyin, perheess\u00e4mme oli jo musta cockerspanieli nimelt\u00e4\u00e4n Negi. Olen kuullut, ett\u00e4 se puolusti \u00e4rh\u00e4k\u00e4sti minua lastenvanuissa, kun \u00e4iti k\u00e4vi hakemassa Elannosta leip\u00e4\u00e4 ja maitoa. Yhdell\u00e4k\u00e4\u00e4n el\u00e4v\u00e4ll\u00e4 olennolla koosta riippumatta ei ollut mit\u00e4\u00e4n asiaa kurkkaaman vaunuista sis\u00e4lle. Kotona t\u00e4m\u00e4 Negi sitten kiusasi minua vet\u00e4m\u00e4ll\u00e4 minua vaipoista, [&hellip;]","og_url":"https:\/\/www.lemmikkienlakipalvelut.fi\/en\/meista\/","og_site_name":"Lemmikkien lakipalvelut","article_publisher":"https:\/\/www.facebook.com\/Lemmikkiel%c3%a4inten-lakiasiaintoimisto-JenniMinni-102363868709126\/","article_modified_time":"2023-06-07T13:06:55+00:00","og_image":[{"url":"https:\/\/www.lemmikkienlakipalvelut.fi\/wp-content\/uploads\/2021\/05\/IMG_0451-768x1024.jpg"}],"twitter_card":"summary_large_image","twitter_misc":{"Estimated reading time":"2 minutes"},"schema":{"@context":"https:\/\/schema.org","@graph":[{"@type":"WebPage","@id":"https:\/\/www.lemmikkienlakipalvelut.fi\/meista\/","url":"https:\/\/www.lemmikkienlakipalvelut.fi\/meista\/","name":"Meist\u00e4 - Lemmikkien lakipalvelut","isPartOf":{"@id":"https:\/\/www.lemmikkienlakipalvelut.fi\/#website"},"datePublished":"2021-05-05T08:30:12+00:00","dateModified":"2023-06-07T13:06:55+00:00","breadcrumb":{"@id":"https:\/\/www.lemmikkienlakipalvelut.fi\/meista\/#breadcrumb"},"inLanguage":"en-GB","potentialAction":[{"@type":"ReadAction","target":["https:\/\/www.lemmikkienlakipalvelut.fi\/meista\/"]}]},{"@type":"BreadcrumbList","@id":"https:\/\/www.lemmikkienlakipalvelut.fi\/meista\/#breadcrumb","itemListElement":[{"@type":"ListItem","position":1,"name":"Etusivu","item":"https:\/\/www.lemmikkienlakipalvelut.fi\/"},{"@type":"ListItem","position":2,"name":"Meist\u00e4"}]},{"@type":"WebSite","@id":"https:\/\/www.lemmikkienlakipalvelut.fi\/#website","url":"https:\/\/www.lemmikkienlakipalvelut.fi\/","name":"Lemmikkien lakipalvelut","description":"","publisher":{"@id":"https:\/\/www.lemmikkienlakipalvelut.fi\/#organization"},"potentialAction":[{"@type":"SearchAction","target":{"@type":"EntryPoint","urlTemplate":"https:\/\/www.lemmikkienlakipalvelut.fi\/?s={search_term_string}"},"query-input":"required name=search_term_string"}],"inLanguage":"en-GB"},{"@type":"Organization","@id":"https:\/\/www.lemmikkienlakipalvelut.fi\/#organization","name":"Lemmikkienlakipalvelut","url":"https:\/\/www.lemmikkienlakipalvelut.fi\/","logo":{"@type":"ImageObject","inLanguage":"en-GB","@id":"https:\/\/www.lemmikkienlakipalvelut.fi\/#\/schema\/logo\/image\/","url":"https:\/\/www.lemmikkienlakipalvelut.fi\/wp-content\/uploads\/2021\/05\/Vector-file.png","contentUrl":"https:\/\/www.lemmikkienlakipalvelut.fi\/wp-content\/uploads\/2021\/05\/Vector-file.png","width":4276,"height":2881,"caption":"Lemmikkienlakipalvelut"},"image":{"@id":"https:\/\/www.lemmikkienlakipalvelut.fi\/#\/schema\/logo\/image\/"},"sameAs":["https:\/\/www.facebook.com\/Lemmikkiel\u00e4inten-lakiasiaintoimisto-JenniMinni-102363868709126\/"]}]}},"_links":{"self":[{"href":"https:\/\/www.lemmikkienlakipalvelut.fi\/en\/wp-json\/wp\/v2\/pages\/143"}],"collection":[{"href":"https:\/\/www.lemmikkienlakipalvelut.fi\/en\/wp-json\/wp\/v2\/pages"}],"about":[{"href":"https:\/\/www.lemmikkienlakipalvelut.fi\/en\/wp-json\/wp\/v2\/types\/page"}],"author":[{"embeddable":true,"href":"https:\/\/www.lemmikkienlakipalvelut.fi\/en\/wp-json\/wp\/v2\/users\/1"}],"replies":[{"embeddable":true,"href":"https:\/\/www.lemmikkienlakipalvelut.fi\/en\/wp-json\/wp\/v2\/comments?post=143"}],"version-history":[{"count":19,"href":"https:\/\/www.lemmikkienlakipalvelut.fi\/en\/wp-json\/wp\/v2\/pages\/143\/revisions"}],"predecessor-version":[{"id":1088,"href":"https:\/\/www.lemmikkienlakipalvelut.fi\/en\/wp-json\/wp\/v2\/pages\/143\/revisions\/1088"}],"wp:attachment":[{"href":"https:\/\/www.lemmikkienlakipalvelut.fi\/en\/wp-json\/wp\/v2\/media?parent=143"}],"curies":[{"name":"wp","href":"https:\/\/api.w.org\/{rel}","templated":true}]}}