{"id":145,"date":"2021-05-05T08:45:40","date_gmt":"2021-05-05T08:45:40","guid":{"rendered":"https:\/\/www.lemmikkienlakipalvelut.fi\/?page_id=145"},"modified":"2021-06-03T10:11:03","modified_gmt":"2021-06-03T10:11:03","slug":"faq","status":"publish","type":"page","link":"https:\/\/www.lemmikkienlakipalvelut.fi\/en\/faq\/","title":{"rendered":"FAQ"},"content":{"rendered":"<h1>FAQ<\/h1>\n<p>\t\t\t\t\t\t\t\t\t\t\t\t<a href=\"\">The parent\u2019s obligation to provide for child support is clear. Why don't pets have the same right? How should it be done?<\/a><\/p>\n<p>To solve this, we will compose an agreement, where the parties agree on this matter.<\/p>\n<p>\t\t\t\t\t\t\t\t\t\t\t\t<a href=\"\">Having a dog is expensive. Who is responsible for the expenses, if the owners separate?<\/a><\/p>\n<p>This is true, we are aware that veterinary costs alone can go up to thousands of euros. The legal owner of the dog is responsible for these costs, if nothing else has been agreed upon.<\/p>\n<p>\t\t\t\t\t\t\t\t\t\t\t\t<a href=\"\">Who has the right to use our dog\u2019s insurance if we get int to a fight, and the other person is the insurance holder?<\/a><\/p>\n<p>Only the person with the insurance.<\/p>\n<p>\t\t\t\t\t\t\t\t\t\t\t\t<a href=\"\">I have never thought, that if we split, I dont have any right to meet with Jekku, because the dog is in my husband\u2019s name.<\/a><\/p>\n<p>Unfortunately this is the case. If you haven\u2019t agreed on anything, it is up to whatever your husband agrees on. This is why we provide this service to solve this problem.<\/p>\n<p>\t\t\t\t\t\t\t\t\t\t\t\t<a href=\"\">If we agree on visitation rights before getting a dog, is this agreement binding for both of us in the future?<\/a><\/p>\n<p>Yes, if the agreement is correctly drafted it is legally binding for both parties.<\/p>\n<p>\t\t\t\t\t\t\t\t\t\t\t\t<a href=\"\">With whom will our dog live with, if we split?<\/a><\/p>\n<p>If you are not able to agree on this, the owner will decide. If you are both registered as owners and you cannot decide on this, the matter will have to be brought to court.<\/p>\n<p>\t\t\t\t\t\t\t\t\t\t\t\t<a href=\"\">Which one of us is obliged to pay for the veterinary costs, if we get into a dispute?<\/a><\/p>\n<p>The legal owner of the pet, and if both are owners the costs will be split between the owners.<\/p>\n<p>\t\t\t\t\t\t\t\t\t\t\t\t<a href=\"\">Having a dog has considerable monthly costs. Who is responsible for the costs, if we get into a dispute?<\/a><\/p>\n<p>The legal owner of the pet is responsible for the pet's upkeep. If there are several owners, costs will be split between the owners. <\/p>\n<p>\t\t\t\t\t\t\t\t\t\t\t\t<a href=\"\">We broke up and my ex used our cat as a tool to get revenge and blackmail me. What can I do? Could I have done anything in advance?<\/a><\/p>\n<p>This is a really sad situation. Unfortunately this is not the first case like this we see. You could have done an agreement in advance, like the ones we provide to our customers. If you are not able to solve this dispute I would recommend you to hire a lawyer.<\/p>\n<p>\t\t\t\t\t\t\t\t\t\t\t\t<a href=\"\">What happens to our cat and dog, if one of us passes away and we don\u2019t have a will?<\/a><\/p>\n<p>It would be good for you to make a will in case one of you passes away, where you agree about who is responsible for the pets.<\/p>","protected":false},"excerpt":{"rendered":"<p>FAQ Lasten elatusvelvollisuus lapsia kohtaan on t\u00e4n\u00e4 p\u00e4iv\u00e4n\u00e4 itsest\u00e4\u00e4n selvyys. Miksi lemmikeille ei ole taattu samaa oikeutta? Miten se tulisi tehd\u00e4? T\u00e4m\u00e4n asian ratkaisemiseksi ja turvatakseen lemmikkisi oikeudet laadimme huoltajien v\u00e4lisen sopimuksen jossa n\u00e4ist\u00e4 asioista sitovasti osapuolet sopivat ja t\u00e4m\u00e4n j\u00e4lkeen t\u00e4t\u00e4 asiaa ei tarvitse pohtia. Koiran pitoon liittyy t\u00e4n\u00e4 p\u00e4iv\u00e4n\u00e4 huomattava m\u00e4\u00e4r\u00e4 kustannuksia. Kuka [&hellip;]<\/p>","protected":false},"author":1,"featured_media":0,"parent":0,"menu_order":0,"comment_status":"closed","ping_status":"closed","template":"elementor_header_footer","meta":{"hide_page_title":""},"yoast_head":"<!-- This site is optimized with the Yoast SEO plugin v21.8.1 - https:\/\/yoast.com\/wordpress\/plugins\/seo\/ -->\n<title>FAQ - Lemmikkien lakipalvelut<\/title>\n<meta name=\"robots\" content=\"index, follow, max-snippet:-1, max-image-preview:large, max-video-preview:-1\" \/>\n<link rel=\"canonical\" href=\"https:\/\/www.lemmikkienlakipalvelut.fi\/en\/faq\/\" \/>\n<meta property=\"og:locale\" content=\"en_GB\" \/>\n<meta property=\"og:type\" content=\"article\" \/>\n<meta property=\"og:title\" content=\"FAQ - Lemmikkien lakipalvelut\" \/>\n<meta property=\"og:description\" content=\"FAQ Lasten elatusvelvollisuus lapsia kohtaan on t\u00e4n\u00e4 p\u00e4iv\u00e4n\u00e4 itsest\u00e4\u00e4n selvyys. Miksi lemmikeille ei ole taattu samaa oikeutta? Miten se tulisi tehd\u00e4? T\u00e4m\u00e4n asian ratkaisemiseksi ja turvatakseen lemmikkisi oikeudet laadimme huoltajien v\u00e4lisen sopimuksen jossa n\u00e4ist\u00e4 asioista sitovasti osapuolet sopivat ja t\u00e4m\u00e4n j\u00e4lkeen t\u00e4t\u00e4 asiaa ei tarvitse pohtia. Koiran pitoon liittyy t\u00e4n\u00e4 p\u00e4iv\u00e4n\u00e4 huomattava m\u00e4\u00e4r\u00e4 kustannuksia. Kuka [&hellip;]\" \/>\n<meta property=\"og:url\" content=\"https:\/\/www.lemmikkienlakipalvelut.fi\/en\/faq\/\" \/>\n<meta property=\"og:site_name\" content=\"Lemmikkien lakipalvelut\" \/>\n<meta property=\"article:publisher\" content=\"https:\/\/www.facebook.com\/Lemmikkiel%c3%a4inten-lakiasiaintoimisto-JenniMinni-102363868709126\/\" \/>\n<meta property=\"article:modified_time\" content=\"2021-06-03T10:11:03+00:00\" \/>\n<meta name=\"twitter:card\" content=\"summary_large_image\" \/>\n<meta name=\"twitter:label1\" content=\"Estimated reading time\" \/>\n\t<meta name=\"twitter:data1\" content=\"2 minutes\" \/>\n<script type=\"application\/ld+json\" class=\"yoast-schema-graph\">{\"@context\":\"https:\/\/schema.org\",\"@graph\":[{\"@type\":\"WebPage\",\"@id\":\"https:\/\/www.lemmikkienlakipalvelut.fi\/faq\/\",\"url\":\"https:\/\/www.lemmikkienlakipalvelut.fi\/faq\/\",\"name\":\"FAQ - Lemmikkien lakipalvelut\",\"isPartOf\":{\"@id\":\"https:\/\/www.lemmikkienlakipalvelut.fi\/#website\"},\"datePublished\":\"2021-05-05T08:45:40+00:00\",\"dateModified\":\"2021-06-03T10:11:03+00:00\",\"breadcrumb\":{\"@id\":\"https:\/\/www.lemmikkienlakipalvelut.fi\/faq\/#breadcrumb\"},\"inLanguage\":\"en-GB\",\"potentialAction\":[{\"@type\":\"ReadAction\",\"target\":[\"https:\/\/www.lemmikkienlakipalvelut.fi\/faq\/\"]}]},{\"@type\":\"BreadcrumbList\",\"@id\":\"https:\/\/www.lemmikkienlakipalvelut.fi\/faq\/#breadcrumb\",\"itemListElement\":[{\"@type\":\"ListItem\",\"position\":1,\"name\":\"Etusivu\",\"item\":\"https:\/\/www.lemmikkienlakipalvelut.fi\/\"},{\"@type\":\"ListItem\",\"position\":2,\"name\":\"FAQ\"}]},{\"@type\":\"WebSite\",\"@id\":\"https:\/\/www.lemmikkienlakipalvelut.fi\/#website\",\"url\":\"https:\/\/www.lemmikkienlakipalvelut.fi\/\",\"name\":\"Lemmikkien lakipalvelut\",\"description\":\"\",\"publisher\":{\"@id\":\"https:\/\/www.lemmikkienlakipalvelut.fi\/#organization\"},\"potentialAction\":[{\"@type\":\"SearchAction\",\"target\":{\"@type\":\"EntryPoint\",\"urlTemplate\":\"https:\/\/www.lemmikkienlakipalvelut.fi\/?s={search_term_string}\"},\"query-input\":\"required name=search_term_string\"}],\"inLanguage\":\"en-GB\"},{\"@type\":\"Organization\",\"@id\":\"https:\/\/www.lemmikkienlakipalvelut.fi\/#organization\",\"name\":\"Lemmikkienlakipalvelut\",\"url\":\"https:\/\/www.lemmikkienlakipalvelut.fi\/\",\"logo\":{\"@type\":\"ImageObject\",\"inLanguage\":\"en-GB\",\"@id\":\"https:\/\/www.lemmikkienlakipalvelut.fi\/#\/schema\/logo\/image\/\",\"url\":\"https:\/\/www.lemmikkienlakipalvelut.fi\/wp-content\/uploads\/2021\/05\/Vector-file.png\",\"contentUrl\":\"https:\/\/www.lemmikkienlakipalvelut.fi\/wp-content\/uploads\/2021\/05\/Vector-file.png\",\"width\":4276,\"height\":2881,\"caption\":\"Lemmikkienlakipalvelut\"},\"image\":{\"@id\":\"https:\/\/www.lemmikkienlakipalvelut.fi\/#\/schema\/logo\/image\/\"},\"sameAs\":[\"https:\/\/www.facebook.com\/Lemmikkiel\u00e4inten-lakiasiaintoimisto-JenniMinni-102363868709126\/\"]}]}<\/script>\n<!-- \/ Yoast SEO plugin. -->","yoast_head_json":{"title":"FAQ - Lemmikkien lakipalvelut","robots":{"index":"index","follow":"follow","max-snippet":"max-snippet:-1","max-image-preview":"max-image-preview:large","max-video-preview":"max-video-preview:-1"},"canonical":"https:\/\/www.lemmikkienlakipalvelut.fi\/en\/faq\/","og_locale":"en_GB","og_type":"article","og_title":"FAQ - Lemmikkien lakipalvelut","og_description":"FAQ Lasten elatusvelvollisuus lapsia kohtaan on t\u00e4n\u00e4 p\u00e4iv\u00e4n\u00e4 itsest\u00e4\u00e4n selvyys. Miksi lemmikeille ei ole taattu samaa oikeutta? Miten se tulisi tehd\u00e4? T\u00e4m\u00e4n asian ratkaisemiseksi ja turvatakseen lemmikkisi oikeudet laadimme huoltajien v\u00e4lisen sopimuksen jossa n\u00e4ist\u00e4 asioista sitovasti osapuolet sopivat ja t\u00e4m\u00e4n j\u00e4lkeen t\u00e4t\u00e4 asiaa ei tarvitse pohtia. Koiran pitoon liittyy t\u00e4n\u00e4 p\u00e4iv\u00e4n\u00e4 huomattava m\u00e4\u00e4r\u00e4 kustannuksia. Kuka [&hellip;]","og_url":"https:\/\/www.lemmikkienlakipalvelut.fi\/en\/faq\/","og_site_name":"Lemmikkien lakipalvelut","article_publisher":"https:\/\/www.facebook.com\/Lemmikkiel%c3%a4inten-lakiasiaintoimisto-JenniMinni-102363868709126\/","article_modified_time":"2021-06-03T10:11:03+00:00","twitter_card":"summary_large_image","twitter_misc":{"Estimated reading time":"2 minutes"},"schema":{"@context":"https:\/\/schema.org","@graph":[{"@type":"WebPage","@id":"https:\/\/www.lemmikkienlakipalvelut.fi\/faq\/","url":"https:\/\/www.lemmikkienlakipalvelut.fi\/faq\/","name":"FAQ - Lemmikkien lakipalvelut","isPartOf":{"@id":"https:\/\/www.lemmikkienlakipalvelut.fi\/#website"},"datePublished":"2021-05-05T08:45:40+00:00","dateModified":"2021-06-03T10:11:03+00:00","breadcrumb":{"@id":"https:\/\/www.lemmikkienlakipalvelut.fi\/faq\/#breadcrumb"},"inLanguage":"en-GB","potentialAction":[{"@type":"ReadAction","target":["https:\/\/www.lemmikkienlakipalvelut.fi\/faq\/"]}]},{"@type":"BreadcrumbList","@id":"https:\/\/www.lemmikkienlakipalvelut.fi\/faq\/#breadcrumb","itemListElement":[{"@type":"ListItem","position":1,"name":"Etusivu","item":"https:\/\/www.lemmikkienlakipalvelut.fi\/"},{"@type":"ListItem","position":2,"name":"FAQ"}]},{"@type":"WebSite","@id":"https:\/\/www.lemmikkienlakipalvelut.fi\/#website","url":"https:\/\/www.lemmikkienlakipalvelut.fi\/","name":"Lemmikkien lakipalvelut","description":"","publisher":{"@id":"https:\/\/www.lemmikkienlakipalvelut.fi\/#organization"},"potentialAction":[{"@type":"SearchAction","target":{"@type":"EntryPoint","urlTemplate":"https:\/\/www.lemmikkienlakipalvelut.fi\/?s={search_term_string}"},"query-input":"required name=search_term_string"}],"inLanguage":"en-GB"},{"@type":"Organization","@id":"https:\/\/www.lemmikkienlakipalvelut.fi\/#organization","name":"Lemmikkienlakipalvelut","url":"https:\/\/www.lemmikkienlakipalvelut.fi\/","logo":{"@type":"ImageObject","inLanguage":"en-GB","@id":"https:\/\/www.lemmikkienlakipalvelut.fi\/#\/schema\/logo\/image\/","url":"https:\/\/www.lemmikkienlakipalvelut.fi\/wp-content\/uploads\/2021\/05\/Vector-file.png","contentUrl":"https:\/\/www.lemmikkienlakipalvelut.fi\/wp-content\/uploads\/2021\/05\/Vector-file.png","width":4276,"height":2881,"caption":"Lemmikkienlakipalvelut"},"image":{"@id":"https:\/\/www.lemmikkienlakipalvelut.fi\/#\/schema\/logo\/image\/"},"sameAs":["https:\/\/www.facebook.com\/Lemmikkiel\u00e4inten-lakiasiaintoimisto-JenniMinni-102363868709126\/"]}]}},"_links":{"self":[{"href":"https:\/\/www.lemmikkienlakipalvelut.fi\/en\/wp-json\/wp\/v2\/pages\/145"}],"collection":[{"href":"https:\/\/www.lemmikkienlakipalvelut.fi\/en\/wp-json\/wp\/v2\/pages"}],"about":[{"href":"https:\/\/www.lemmikkienlakipalvelut.fi\/en\/wp-json\/wp\/v2\/types\/page"}],"author":[{"embeddable":true,"href":"https:\/\/www.lemmikkienlakipalvelut.fi\/en\/wp-json\/wp\/v2\/users\/1"}],"replies":[{"embeddable":true,"href":"https:\/\/www.lemmikkienlakipalvelut.fi\/en\/wp-json\/wp\/v2\/comments?post=145"}],"version-history":[{"count":22,"href":"https:\/\/www.lemmikkienlakipalvelut.fi\/en\/wp-json\/wp\/v2\/pages\/145\/revisions"}],"predecessor-version":[{"id":777,"href":"https:\/\/www.lemmikkienlakipalvelut.fi\/en\/wp-json\/wp\/v2\/pages\/145\/revisions\/777"}],"wp:attachment":[{"href":"https:\/\/www.lemmikkienlakipalvelut.fi\/en\/wp-json\/wp\/v2\/media?parent=145"}],"curies":[{"name":"wp","href":"https:\/\/api.w.org\/{rel}","templated":true}]}}