{"id":147,"date":"2021-05-05T08:41:40","date_gmt":"2021-05-05T08:41:40","guid":{"rendered":"https:\/\/www.lemmikkienlakipalvelut.fi\/?page_id=147"},"modified":"2023-05-31T12:03:32","modified_gmt":"2023-05-31T12:03:32","slug":"palvelumme","status":"publish","type":"page","link":"https:\/\/www.lemmikkienlakipalvelut.fi\/en\/palvelumme\/","title":{"rendered":"Our Services"},"content":{"rendered":"<p><img decoding=\"async\" width=\"640\" height=\"480\" src=\"https:\/\/www.lemmikkienlakipalvelut.fi\/wp-content\/uploads\/2021\/05\/vander-films-aPvB8KMIh5w-unsplash-1.jpg\" alt=\"\" loading=\"lazy\" srcset=\"https:\/\/www.lemmikkienlakipalvelut.fi\/wp-content\/uploads\/2021\/05\/vander-films-aPvB8KMIh5w-unsplash-1.jpg 640w, https:\/\/www.lemmikkienlakipalvelut.fi\/wp-content\/uploads\/2021\/05\/vander-films-aPvB8KMIh5w-unsplash-1-300x225.jpg 300w\" sizes=\"(max-width: 640px) 100vw, 640px\" \/>\t\t\t\t\t\t\t\t\t\t\t\t\t\t<\/p>\n<h2>Our Services<\/h2>\n<p style=\"font-size: var(--go--font-size); line-height: var(--go--line-height); color: #2b2b2b;\">We have noticed that pets are more and more being used as pawns in divorce situations. This is something that could be avoided easily through a simpel contract. The pet\u2019s visitation rights and division of costs can be definied in the contract. Like a prenup, the purpose of the contract is to ensure the best of all parties. In the best case scenario, the contract is never needed. You can still sleep your night tight, knowing your pet\u2019s future is secured in all situations.<\/p>\n<p style=\"font-size: var(--go--font-size); line-height: var(--go--line-height); color: #2b2b2b;\">If you wish, we can also help you with other matters related to your four-legged friend. Insurance matters are useful to go through in advance. Veterinary visits can be expensive, and pets don\u2019t have the same support services as we have.<\/p>\n<p style=\"font-size: var(--go--font-size); line-height: var(--go--line-height); color: #2b2b2b;\">Also, it may be beneficial to go through your liability issues as a pet owner.<\/p>\n<p>\t\t\t<a href=\"https:\/\/www.lemmikkienlakipalvelut.fi\/en\/yhteystiedot\/\" role=\"button\"><br \/>\n\t\t\t\t\t\tContact Us<br \/>\n\t\t\t\t\t<\/a><br \/>\n\t\t\t\t\t\t\t\t\t\t\t\t<img decoding=\"async\" width=\"525\" height=\"510\" src=\"https:\/\/www.lemmikkienlakipalvelut.fi\/wp-content\/uploads\/2021\/05\/dog_PNG50348-1.png\" alt=\"\" loading=\"lazy\" srcset=\"https:\/\/www.lemmikkienlakipalvelut.fi\/wp-content\/uploads\/2021\/05\/dog_PNG50348-1.png 525w, https:\/\/www.lemmikkienlakipalvelut.fi\/wp-content\/uploads\/2021\/05\/dog_PNG50348-1-300x291.png 300w\" sizes=\"(max-width: 525px) 100vw, 525px\" \/><\/p>","protected":false},"excerpt":{"rendered":"<p>Palvelumme Olemme huomanneet, ett\u00e4 yh\u00e4 useammin erotilanteessa my\u00f6s lemmikki voi joutua pelinappulaksi. Ik\u00e4v\u00e4 tilanne olisi helposti ennaltaehk\u00e4ist\u00e4viss\u00e4 yksinkertaisella sopimuksella. Sopimuksessa voidaan m\u00e4\u00e4ritt\u00e4\u00e4 esimerkiksi tapaamisoikeus ja kustannusten jakaminen. Kuten avioehdossa, t\u00e4ss\u00e4kin sopimuksessa on tarkoitus ajatella kaikkien osapuolten parasta. Parhaassa tapauksessa sit\u00e4 ei koskaan tarvita. Voit kuitenkin nukkua y\u00f6si rauhassa, kun rakkaan lemmikkisi tulevaisuus on turvattu kaikissa [&hellip;]<\/p>","protected":false},"author":1,"featured_media":0,"parent":0,"menu_order":0,"comment_status":"closed","ping_status":"closed","template":"elementor_header_footer","meta":{"hide_page_title":""},"yoast_head":"<!-- This site is optimized with the Yoast SEO plugin v21.8.1 - https:\/\/yoast.com\/wordpress\/plugins\/seo\/ -->\n<title>Palvelumme - Lemmikkien lakipalvelut<\/title>\n<meta name=\"robots\" content=\"index, follow, max-snippet:-1, max-image-preview:large, max-video-preview:-1\" \/>\n<link rel=\"canonical\" href=\"https:\/\/www.lemmikkienlakipalvelut.fi\/en\/palvelumme\/\" \/>\n<meta property=\"og:locale\" content=\"en_GB\" \/>\n<meta property=\"og:type\" content=\"article\" \/>\n<meta property=\"og:title\" content=\"Palvelumme - Lemmikkien lakipalvelut\" \/>\n<meta property=\"og:description\" content=\"Palvelumme Olemme huomanneet, ett\u00e4 yh\u00e4 useammin erotilanteessa my\u00f6s lemmikki voi joutua pelinappulaksi. Ik\u00e4v\u00e4 tilanne olisi helposti ennaltaehk\u00e4ist\u00e4viss\u00e4 yksinkertaisella sopimuksella. Sopimuksessa voidaan m\u00e4\u00e4ritt\u00e4\u00e4 esimerkiksi tapaamisoikeus ja kustannusten jakaminen. Kuten avioehdossa, t\u00e4ss\u00e4kin sopimuksessa on tarkoitus ajatella kaikkien osapuolten parasta. Parhaassa tapauksessa sit\u00e4 ei koskaan tarvita. Voit kuitenkin nukkua y\u00f6si rauhassa, kun rakkaan lemmikkisi tulevaisuus on turvattu kaikissa [&hellip;]\" \/>\n<meta property=\"og:url\" content=\"https:\/\/www.lemmikkienlakipalvelut.fi\/en\/palvelumme\/\" \/>\n<meta property=\"og:site_name\" content=\"Lemmikkien lakipalvelut\" \/>\n<meta property=\"article:publisher\" content=\"https:\/\/www.facebook.com\/Lemmikkiel%c3%a4inten-lakiasiaintoimisto-JenniMinni-102363868709126\/\" \/>\n<meta property=\"article:modified_time\" content=\"2023-05-31T12:03:32+00:00\" \/>\n<meta property=\"og:image\" content=\"https:\/\/www.lemmikkienlakipalvelut.fi\/wp-content\/uploads\/2021\/05\/vander-films-aPvB8KMIh5w-unsplash-1.jpg\" \/>\n<meta name=\"twitter:card\" content=\"summary_large_image\" \/>\n<meta name=\"twitter:label1\" content=\"Estimated reading time\" \/>\n\t<meta name=\"twitter:data1\" content=\"2 minutes\" \/>\n<script type=\"application\/ld+json\" class=\"yoast-schema-graph\">{\"@context\":\"https:\/\/schema.org\",\"@graph\":[{\"@type\":\"WebPage\",\"@id\":\"https:\/\/www.lemmikkienlakipalvelut.fi\/palvelumme\/\",\"url\":\"https:\/\/www.lemmikkienlakipalvelut.fi\/palvelumme\/\",\"name\":\"Palvelumme - Lemmikkien lakipalvelut\",\"isPartOf\":{\"@id\":\"https:\/\/www.lemmikkienlakipalvelut.fi\/#website\"},\"datePublished\":\"2021-05-05T08:41:40+00:00\",\"dateModified\":\"2023-05-31T12:03:32+00:00\",\"breadcrumb\":{\"@id\":\"https:\/\/www.lemmikkienlakipalvelut.fi\/palvelumme\/#breadcrumb\"},\"inLanguage\":\"en-GB\",\"potentialAction\":[{\"@type\":\"ReadAction\",\"target\":[\"https:\/\/www.lemmikkienlakipalvelut.fi\/palvelumme\/\"]}]},{\"@type\":\"BreadcrumbList\",\"@id\":\"https:\/\/www.lemmikkienlakipalvelut.fi\/palvelumme\/#breadcrumb\",\"itemListElement\":[{\"@type\":\"ListItem\",\"position\":1,\"name\":\"Etusivu\",\"item\":\"https:\/\/www.lemmikkienlakipalvelut.fi\/\"},{\"@type\":\"ListItem\",\"position\":2,\"name\":\"Palvelumme\"}]},{\"@type\":\"WebSite\",\"@id\":\"https:\/\/www.lemmikkienlakipalvelut.fi\/#website\",\"url\":\"https:\/\/www.lemmikkienlakipalvelut.fi\/\",\"name\":\"Lemmikkien lakipalvelut\",\"description\":\"\",\"publisher\":{\"@id\":\"https:\/\/www.lemmikkienlakipalvelut.fi\/#organization\"},\"potentialAction\":[{\"@type\":\"SearchAction\",\"target\":{\"@type\":\"EntryPoint\",\"urlTemplate\":\"https:\/\/www.lemmikkienlakipalvelut.fi\/?s={search_term_string}\"},\"query-input\":\"required name=search_term_string\"}],\"inLanguage\":\"en-GB\"},{\"@type\":\"Organization\",\"@id\":\"https:\/\/www.lemmikkienlakipalvelut.fi\/#organization\",\"name\":\"Lemmikkienlakipalvelut\",\"url\":\"https:\/\/www.lemmikkienlakipalvelut.fi\/\",\"logo\":{\"@type\":\"ImageObject\",\"inLanguage\":\"en-GB\",\"@id\":\"https:\/\/www.lemmikkienlakipalvelut.fi\/#\/schema\/logo\/image\/\",\"url\":\"https:\/\/www.lemmikkienlakipalvelut.fi\/wp-content\/uploads\/2021\/05\/Vector-file.png\",\"contentUrl\":\"https:\/\/www.lemmikkienlakipalvelut.fi\/wp-content\/uploads\/2021\/05\/Vector-file.png\",\"width\":4276,\"height\":2881,\"caption\":\"Lemmikkienlakipalvelut\"},\"image\":{\"@id\":\"https:\/\/www.lemmikkienlakipalvelut.fi\/#\/schema\/logo\/image\/\"},\"sameAs\":[\"https:\/\/www.facebook.com\/Lemmikkiel\u00e4inten-lakiasiaintoimisto-JenniMinni-102363868709126\/\"]}]}<\/script>\n<!-- \/ Yoast SEO plugin. -->","yoast_head_json":{"title":"Palvelumme - Lemmikkien lakipalvelut","robots":{"index":"index","follow":"follow","max-snippet":"max-snippet:-1","max-image-preview":"max-image-preview:large","max-video-preview":"max-video-preview:-1"},"canonical":"https:\/\/www.lemmikkienlakipalvelut.fi\/en\/palvelumme\/","og_locale":"en_GB","og_type":"article","og_title":"Palvelumme - Lemmikkien lakipalvelut","og_description":"Palvelumme Olemme huomanneet, ett\u00e4 yh\u00e4 useammin erotilanteessa my\u00f6s lemmikki voi joutua pelinappulaksi. Ik\u00e4v\u00e4 tilanne olisi helposti ennaltaehk\u00e4ist\u00e4viss\u00e4 yksinkertaisella sopimuksella. Sopimuksessa voidaan m\u00e4\u00e4ritt\u00e4\u00e4 esimerkiksi tapaamisoikeus ja kustannusten jakaminen. Kuten avioehdossa, t\u00e4ss\u00e4kin sopimuksessa on tarkoitus ajatella kaikkien osapuolten parasta. Parhaassa tapauksessa sit\u00e4 ei koskaan tarvita. Voit kuitenkin nukkua y\u00f6si rauhassa, kun rakkaan lemmikkisi tulevaisuus on turvattu kaikissa [&hellip;]","og_url":"https:\/\/www.lemmikkienlakipalvelut.fi\/en\/palvelumme\/","og_site_name":"Lemmikkien lakipalvelut","article_publisher":"https:\/\/www.facebook.com\/Lemmikkiel%c3%a4inten-lakiasiaintoimisto-JenniMinni-102363868709126\/","article_modified_time":"2023-05-31T12:03:32+00:00","og_image":[{"url":"https:\/\/www.lemmikkienlakipalvelut.fi\/wp-content\/uploads\/2021\/05\/vander-films-aPvB8KMIh5w-unsplash-1.jpg"}],"twitter_card":"summary_large_image","twitter_misc":{"Estimated reading time":"2 minutes"},"schema":{"@context":"https:\/\/schema.org","@graph":[{"@type":"WebPage","@id":"https:\/\/www.lemmikkienlakipalvelut.fi\/palvelumme\/","url":"https:\/\/www.lemmikkienlakipalvelut.fi\/palvelumme\/","name":"Palvelumme - Lemmikkien lakipalvelut","isPartOf":{"@id":"https:\/\/www.lemmikkienlakipalvelut.fi\/#website"},"datePublished":"2021-05-05T08:41:40+00:00","dateModified":"2023-05-31T12:03:32+00:00","breadcrumb":{"@id":"https:\/\/www.lemmikkienlakipalvelut.fi\/palvelumme\/#breadcrumb"},"inLanguage":"en-GB","potentialAction":[{"@type":"ReadAction","target":["https:\/\/www.lemmikkienlakipalvelut.fi\/palvelumme\/"]}]},{"@type":"BreadcrumbList","@id":"https:\/\/www.lemmikkienlakipalvelut.fi\/palvelumme\/#breadcrumb","itemListElement":[{"@type":"ListItem","position":1,"name":"Etusivu","item":"https:\/\/www.lemmikkienlakipalvelut.fi\/"},{"@type":"ListItem","position":2,"name":"Palvelumme"}]},{"@type":"WebSite","@id":"https:\/\/www.lemmikkienlakipalvelut.fi\/#website","url":"https:\/\/www.lemmikkienlakipalvelut.fi\/","name":"Lemmikkien lakipalvelut","description":"","publisher":{"@id":"https:\/\/www.lemmikkienlakipalvelut.fi\/#organization"},"potentialAction":[{"@type":"SearchAction","target":{"@type":"EntryPoint","urlTemplate":"https:\/\/www.lemmikkienlakipalvelut.fi\/?s={search_term_string}"},"query-input":"required name=search_term_string"}],"inLanguage":"en-GB"},{"@type":"Organization","@id":"https:\/\/www.lemmikkienlakipalvelut.fi\/#organization","name":"Lemmikkienlakipalvelut","url":"https:\/\/www.lemmikkienlakipalvelut.fi\/","logo":{"@type":"ImageObject","inLanguage":"en-GB","@id":"https:\/\/www.lemmikkienlakipalvelut.fi\/#\/schema\/logo\/image\/","url":"https:\/\/www.lemmikkienlakipalvelut.fi\/wp-content\/uploads\/2021\/05\/Vector-file.png","contentUrl":"https:\/\/www.lemmikkienlakipalvelut.fi\/wp-content\/uploads\/2021\/05\/Vector-file.png","width":4276,"height":2881,"caption":"Lemmikkienlakipalvelut"},"image":{"@id":"https:\/\/www.lemmikkienlakipalvelut.fi\/#\/schema\/logo\/image\/"},"sameAs":["https:\/\/www.facebook.com\/Lemmikkiel\u00e4inten-lakiasiaintoimisto-JenniMinni-102363868709126\/"]}]}},"_links":{"self":[{"href":"https:\/\/www.lemmikkienlakipalvelut.fi\/en\/wp-json\/wp\/v2\/pages\/147"}],"collection":[{"href":"https:\/\/www.lemmikkienlakipalvelut.fi\/en\/wp-json\/wp\/v2\/pages"}],"about":[{"href":"https:\/\/www.lemmikkienlakipalvelut.fi\/en\/wp-json\/wp\/v2\/types\/page"}],"author":[{"embeddable":true,"href":"https:\/\/www.lemmikkienlakipalvelut.fi\/en\/wp-json\/wp\/v2\/users\/1"}],"replies":[{"embeddable":true,"href":"https:\/\/www.lemmikkienlakipalvelut.fi\/en\/wp-json\/wp\/v2\/comments?post=147"}],"version-history":[{"count":40,"href":"https:\/\/www.lemmikkienlakipalvelut.fi\/en\/wp-json\/wp\/v2\/pages\/147\/revisions"}],"predecessor-version":[{"id":1064,"href":"https:\/\/www.lemmikkienlakipalvelut.fi\/en\/wp-json\/wp\/v2\/pages\/147\/revisions\/1064"}],"wp:attachment":[{"href":"https:\/\/www.lemmikkienlakipalvelut.fi\/en\/wp-json\/wp\/v2\/media?parent=147"}],"curies":[{"name":"wp","href":"https:\/\/api.w.org\/{rel}","templated":true}]}}