{"id":149,"date":"2021-05-05T08:36:11","date_gmt":"2021-05-05T08:36:11","guid":{"rendered":"https:\/\/www.lemmikkienlakipalvelut.fi\/?page_id=149"},"modified":"2021-05-21T08:43:53","modified_gmt":"2021-05-21T08:43:53","slug":"oikeudet-velvollisuudet","status":"publish","type":"page","link":"https:\/\/www.lemmikkienlakipalvelut.fi\/en\/oikeudet-velvollisuudet\/","title":{"rendered":"Rights &amp; Obligations"},"content":{"rendered":"<h1>Oikeudet &#038; velvollisuudet<\/h1>\n<p><strong>It is the owner's responsibility to protect the rights of a dog, cat or any other pet<\/strong><br \/><strong>(Jan-Olof Nyholm, VT)<\/strong><\/p>\n<p>Lately, there have been several writings in the papers about the \u201ddog boom\u201d in Finland and, for example, MTV News reported on the increasing popularity of pets with the following headline: \u201dCovid-19 resulted in people getting more and more pets, what consequences could this have?\u201d The obligations that come with getting a pet have also been discussed commendably in the news.<\/p>\n<p>Getting a pet should merit a similar consideration than deciding to try for a baby.  Making a considered decision shows an ability to take responsibility for securing the child\u2019s and the pet\u2019s rights. Parents are legally obligated to support their child proportionally to their ability to do so, in case the parents separate. There is also specific legislation about how to decide on the child\u2019s living and other things, when the parents don\u2019t live together. Courts can also secure the child\u2019s right to spend time with the parent with whom the child doesn\u2019t live with.<\/p>\n<p>The animal protection law legislates the rights of cats and dogs, but this law does not take any stand on how the rights of cats and dogs should be realized when the owners move to separate addresses. However, animals have feelings and the right to live a good life. The obligation to take care of your furry family member should not end when the owners go their separate ways.<\/p>\n<p>Having a pet comes with many significant financial obligations and expenses. Not only daily caretaking and food expenses, but also veterinary costs that can go up to thousands of euros. Unlike children, the law does not determine how a pet\u2019s rights should be defined when the parents separate. Who should the pet live with, who is responsible for the expenses (maintenance liability) and how should  decisions be made regarding the pet (custody)? Does the pet have the right to spend time with the other owner who lives elsewhere (visitation right)?<\/p>\n<p class=\"translation-block\">The law addresses pets as movable property.  This legislation has not been crafted with the thought  that movable property could have feelings and emotional bonds with more than one person.<\/p>\n<p>During my time as a Lawyer handling family law cases I have faced parents using their child as a tool in their disagreements. I have also met parents who were not able to see things from the child\u2019s point of view. Similar behaviour has been noticed with pets in the family. A good example of this type of damaging behaviour can be found in the Finnish TV drama \u201dPohjolan laki\u201d, where a cat is used as a tool to hurt the other party. The man in the series takes a matter regarding \u201dmovable proparty\u201d (in other words, the cat) to the court, but the man\u2019s motives are completely elsewhere than in the welfare of the cat.<\/p>\n<p>If parents cannot reach an agreement on their child's matters during separation proceedings, the interests of the child are monitored by the court, based on the Act on Child Custody and Right of Access. However, our cats, dogs and other pets have not been given the same protection by the law, and no one is monitoring the execution of a pet's rights when the owners are separating.<\/p>\n<p>Based on my own view and experience, before getting a pet, I strongly recommend that the parties sign a written agreement on how they commit to take care of their new family member during, even in the case of a separation. I strongly think that having that discussion and writing down what has been agreed on is the obligation of every person who gets a pet. This can help avoid disputes that may surface during separation.<\/p>","protected":false},"excerpt":{"rendered":"<p>Oikeudet &#038; velvollisuudet Koiran, kissan tai muiden lemmikkien oikeuksien turvaaminen on omistajien velvollisuus(Jan-Olof Nyholm, VT) Lehtienpalstoilla on viime aikoina kirjoitettu paljon Suomen vallanneesta koirabuumista ja esimerkiksi MTV Uutiset on raportoinut lemmikkien suosiosta seuraavalla otsikolla \u201dKorona sai ihmiset hankkimaan koiranpentuja entist\u00e4 enemm\u00e4n, mit\u00e4 seurauksia buumilla voi olla?\u201d Uutisissa on kiitett\u00e4v\u00e4sti k\u00e4sitelty my\u00f6s niit\u00e4 velvollisuuksia, joita lemmikin [&hellip;]<\/p>","protected":false},"author":1,"featured_media":0,"parent":0,"menu_order":0,"comment_status":"closed","ping_status":"closed","template":"elementor_header_footer","meta":{"hide_page_title":""},"yoast_head":"<!-- This site is optimized with the Yoast SEO plugin v21.8.1 - https:\/\/yoast.com\/wordpress\/plugins\/seo\/ -->\n<title>Oikeudet &amp; Velvollisuudet - Lemmikkien lakipalvelut<\/title>\n<meta name=\"robots\" content=\"index, follow, max-snippet:-1, max-image-preview:large, max-video-preview:-1\" \/>\n<link rel=\"canonical\" href=\"https:\/\/www.lemmikkienlakipalvelut.fi\/en\/oikeudet-velvollisuudet\/\" \/>\n<meta property=\"og:locale\" content=\"en_GB\" \/>\n<meta property=\"og:type\" content=\"article\" \/>\n<meta property=\"og:title\" content=\"Oikeudet &amp; Velvollisuudet - Lemmikkien lakipalvelut\" \/>\n<meta property=\"og:description\" content=\"Oikeudet &#038; velvollisuudet Koiran, kissan tai muiden lemmikkien oikeuksien turvaaminen on omistajien velvollisuus(Jan-Olof Nyholm, VT) Lehtienpalstoilla on viime aikoina kirjoitettu paljon Suomen vallanneesta koirabuumista ja esimerkiksi MTV Uutiset on raportoinut lemmikkien suosiosta seuraavalla otsikolla \u201dKorona sai ihmiset hankkimaan koiranpentuja entist\u00e4 enemm\u00e4n, mit\u00e4 seurauksia buumilla voi olla?\u201d Uutisissa on kiitett\u00e4v\u00e4sti k\u00e4sitelty my\u00f6s niit\u00e4 velvollisuuksia, joita lemmikin [&hellip;]\" \/>\n<meta property=\"og:url\" content=\"https:\/\/www.lemmikkienlakipalvelut.fi\/en\/oikeudet-velvollisuudet\/\" \/>\n<meta property=\"og:site_name\" content=\"Lemmikkien lakipalvelut\" \/>\n<meta property=\"article:publisher\" content=\"https:\/\/www.facebook.com\/Lemmikkiel%c3%a4inten-lakiasiaintoimisto-JenniMinni-102363868709126\/\" \/>\n<meta property=\"article:modified_time\" content=\"2021-05-21T08:43:53+00:00\" \/>\n<meta name=\"twitter:card\" content=\"summary_large_image\" \/>\n<meta name=\"twitter:label1\" content=\"Estimated reading time\" \/>\n\t<meta name=\"twitter:data1\" content=\"3 minutes\" \/>\n<script type=\"application\/ld+json\" class=\"yoast-schema-graph\">{\"@context\":\"https:\/\/schema.org\",\"@graph\":[{\"@type\":\"WebPage\",\"@id\":\"https:\/\/www.lemmikkienlakipalvelut.fi\/oikeudet-velvollisuudet\/\",\"url\":\"https:\/\/www.lemmikkienlakipalvelut.fi\/oikeudet-velvollisuudet\/\",\"name\":\"Oikeudet & Velvollisuudet - Lemmikkien lakipalvelut\",\"isPartOf\":{\"@id\":\"https:\/\/www.lemmikkienlakipalvelut.fi\/#website\"},\"datePublished\":\"2021-05-05T08:36:11+00:00\",\"dateModified\":\"2021-05-21T08:43:53+00:00\",\"breadcrumb\":{\"@id\":\"https:\/\/www.lemmikkienlakipalvelut.fi\/oikeudet-velvollisuudet\/#breadcrumb\"},\"inLanguage\":\"en-GB\",\"potentialAction\":[{\"@type\":\"ReadAction\",\"target\":[\"https:\/\/www.lemmikkienlakipalvelut.fi\/oikeudet-velvollisuudet\/\"]}]},{\"@type\":\"BreadcrumbList\",\"@id\":\"https:\/\/www.lemmikkienlakipalvelut.fi\/oikeudet-velvollisuudet\/#breadcrumb\",\"itemListElement\":[{\"@type\":\"ListItem\",\"position\":1,\"name\":\"Etusivu\",\"item\":\"https:\/\/www.lemmikkienlakipalvelut.fi\/\"},{\"@type\":\"ListItem\",\"position\":2,\"name\":\"Oikeudet &#038; Velvollisuudet\"}]},{\"@type\":\"WebSite\",\"@id\":\"https:\/\/www.lemmikkienlakipalvelut.fi\/#website\",\"url\":\"https:\/\/www.lemmikkienlakipalvelut.fi\/\",\"name\":\"Lemmikkien lakipalvelut\",\"description\":\"\",\"publisher\":{\"@id\":\"https:\/\/www.lemmikkienlakipalvelut.fi\/#organization\"},\"potentialAction\":[{\"@type\":\"SearchAction\",\"target\":{\"@type\":\"EntryPoint\",\"urlTemplate\":\"https:\/\/www.lemmikkienlakipalvelut.fi\/?s={search_term_string}\"},\"query-input\":\"required name=search_term_string\"}],\"inLanguage\":\"en-GB\"},{\"@type\":\"Organization\",\"@id\":\"https:\/\/www.lemmikkienlakipalvelut.fi\/#organization\",\"name\":\"Lemmikkienlakipalvelut\",\"url\":\"https:\/\/www.lemmikkienlakipalvelut.fi\/\",\"logo\":{\"@type\":\"ImageObject\",\"inLanguage\":\"en-GB\",\"@id\":\"https:\/\/www.lemmikkienlakipalvelut.fi\/#\/schema\/logo\/image\/\",\"url\":\"https:\/\/www.lemmikkienlakipalvelut.fi\/wp-content\/uploads\/2021\/05\/Vector-file.png\",\"contentUrl\":\"https:\/\/www.lemmikkienlakipalvelut.fi\/wp-content\/uploads\/2021\/05\/Vector-file.png\",\"width\":4276,\"height\":2881,\"caption\":\"Lemmikkienlakipalvelut\"},\"image\":{\"@id\":\"https:\/\/www.lemmikkienlakipalvelut.fi\/#\/schema\/logo\/image\/\"},\"sameAs\":[\"https:\/\/www.facebook.com\/Lemmikkiel\u00e4inten-lakiasiaintoimisto-JenniMinni-102363868709126\/\"]}]}<\/script>\n<!-- \/ Yoast SEO plugin. -->","yoast_head_json":{"title":"Oikeudet & Velvollisuudet - Lemmikkien lakipalvelut","robots":{"index":"index","follow":"follow","max-snippet":"max-snippet:-1","max-image-preview":"max-image-preview:large","max-video-preview":"max-video-preview:-1"},"canonical":"https:\/\/www.lemmikkienlakipalvelut.fi\/en\/oikeudet-velvollisuudet\/","og_locale":"en_GB","og_type":"article","og_title":"Oikeudet & Velvollisuudet - Lemmikkien lakipalvelut","og_description":"Oikeudet &#038; velvollisuudet Koiran, kissan tai muiden lemmikkien oikeuksien turvaaminen on omistajien velvollisuus(Jan-Olof Nyholm, VT) Lehtienpalstoilla on viime aikoina kirjoitettu paljon Suomen vallanneesta koirabuumista ja esimerkiksi MTV Uutiset on raportoinut lemmikkien suosiosta seuraavalla otsikolla \u201dKorona sai ihmiset hankkimaan koiranpentuja entist\u00e4 enemm\u00e4n, mit\u00e4 seurauksia buumilla voi olla?\u201d Uutisissa on kiitett\u00e4v\u00e4sti k\u00e4sitelty my\u00f6s niit\u00e4 velvollisuuksia, joita lemmikin [&hellip;]","og_url":"https:\/\/www.lemmikkienlakipalvelut.fi\/en\/oikeudet-velvollisuudet\/","og_site_name":"Lemmikkien lakipalvelut","article_publisher":"https:\/\/www.facebook.com\/Lemmikkiel%c3%a4inten-lakiasiaintoimisto-JenniMinni-102363868709126\/","article_modified_time":"2021-05-21T08:43:53+00:00","twitter_card":"summary_large_image","twitter_misc":{"Estimated reading time":"3 minutes"},"schema":{"@context":"https:\/\/schema.org","@graph":[{"@type":"WebPage","@id":"https:\/\/www.lemmikkienlakipalvelut.fi\/oikeudet-velvollisuudet\/","url":"https:\/\/www.lemmikkienlakipalvelut.fi\/oikeudet-velvollisuudet\/","name":"Oikeudet & Velvollisuudet - Lemmikkien lakipalvelut","isPartOf":{"@id":"https:\/\/www.lemmikkienlakipalvelut.fi\/#website"},"datePublished":"2021-05-05T08:36:11+00:00","dateModified":"2021-05-21T08:43:53+00:00","breadcrumb":{"@id":"https:\/\/www.lemmikkienlakipalvelut.fi\/oikeudet-velvollisuudet\/#breadcrumb"},"inLanguage":"en-GB","potentialAction":[{"@type":"ReadAction","target":["https:\/\/www.lemmikkienlakipalvelut.fi\/oikeudet-velvollisuudet\/"]}]},{"@type":"BreadcrumbList","@id":"https:\/\/www.lemmikkienlakipalvelut.fi\/oikeudet-velvollisuudet\/#breadcrumb","itemListElement":[{"@type":"ListItem","position":1,"name":"Etusivu","item":"https:\/\/www.lemmikkienlakipalvelut.fi\/"},{"@type":"ListItem","position":2,"name":"Oikeudet &#038; Velvollisuudet"}]},{"@type":"WebSite","@id":"https:\/\/www.lemmikkienlakipalvelut.fi\/#website","url":"https:\/\/www.lemmikkienlakipalvelut.fi\/","name":"Lemmikkien lakipalvelut","description":"","publisher":{"@id":"https:\/\/www.lemmikkienlakipalvelut.fi\/#organization"},"potentialAction":[{"@type":"SearchAction","target":{"@type":"EntryPoint","urlTemplate":"https:\/\/www.lemmikkienlakipalvelut.fi\/?s={search_term_string}"},"query-input":"required name=search_term_string"}],"inLanguage":"en-GB"},{"@type":"Organization","@id":"https:\/\/www.lemmikkienlakipalvelut.fi\/#organization","name":"Lemmikkienlakipalvelut","url":"https:\/\/www.lemmikkienlakipalvelut.fi\/","logo":{"@type":"ImageObject","inLanguage":"en-GB","@id":"https:\/\/www.lemmikkienlakipalvelut.fi\/#\/schema\/logo\/image\/","url":"https:\/\/www.lemmikkienlakipalvelut.fi\/wp-content\/uploads\/2021\/05\/Vector-file.png","contentUrl":"https:\/\/www.lemmikkienlakipalvelut.fi\/wp-content\/uploads\/2021\/05\/Vector-file.png","width":4276,"height":2881,"caption":"Lemmikkienlakipalvelut"},"image":{"@id":"https:\/\/www.lemmikkienlakipalvelut.fi\/#\/schema\/logo\/image\/"},"sameAs":["https:\/\/www.facebook.com\/Lemmikkiel\u00e4inten-lakiasiaintoimisto-JenniMinni-102363868709126\/"]}]}},"_links":{"self":[{"href":"https:\/\/www.lemmikkienlakipalvelut.fi\/en\/wp-json\/wp\/v2\/pages\/149"}],"collection":[{"href":"https:\/\/www.lemmikkienlakipalvelut.fi\/en\/wp-json\/wp\/v2\/pages"}],"about":[{"href":"https:\/\/www.lemmikkienlakipalvelut.fi\/en\/wp-json\/wp\/v2\/types\/page"}],"author":[{"embeddable":true,"href":"https:\/\/www.lemmikkienlakipalvelut.fi\/en\/wp-json\/wp\/v2\/users\/1"}],"replies":[{"embeddable":true,"href":"https:\/\/www.lemmikkienlakipalvelut.fi\/en\/wp-json\/wp\/v2\/comments?post=149"}],"version-history":[{"count":16,"href":"https:\/\/www.lemmikkienlakipalvelut.fi\/en\/wp-json\/wp\/v2\/pages\/149\/revisions"}],"predecessor-version":[{"id":717,"href":"https:\/\/www.lemmikkienlakipalvelut.fi\/en\/wp-json\/wp\/v2\/pages\/149\/revisions\/717"}],"wp:attachment":[{"href":"https:\/\/www.lemmikkienlakipalvelut.fi\/en\/wp-json\/wp\/v2\/media?parent=149"}],"curies":[{"name":"wp","href":"https:\/\/api.w.org\/{rel}","templated":true}]}}