{"id":151,"date":"2021-05-05T08:35:58","date_gmt":"2021-05-05T08:35:58","guid":{"rendered":"https:\/\/www.lemmikkienlakipalvelut.fi\/?page_id=151"},"modified":"2024-10-24T13:51:43","modified_gmt":"2024-10-24T13:51:43","slug":"hinnasto","status":"publish","type":"page","link":"https:\/\/www.lemmikkienlakipalvelut.fi\/en\/hinnasto\/","title":{"rendered":"Price List"},"content":{"rendered":"<h1>Price List<\/h1>\n<p>Our billing is based on the amount of time used on the assignment. General office expenses are included in our hourly rate.<br \/>\nThe lawyer\u2019s fee is determined by the workload and the quality of the work needed for completing the assignment. The difficulty of the assignment can be a factor for raising the fee. Work done outside of regular working hours, in a foreign language, abroad, in exceptionally difficult circumstanses or on an especially tight schedule due to reasons independent of the lawyer may be a reason for charging a higher fee. A higher fee might also be charged for work done on Saturdays, Sundays or on holidays when the client asks so or the assignments demands it.<\/p>\n<p><strong>Legal expenses insurance<br \/>\n<\/strong><br \/>\nA legal expenses insurance is included in many home insurances. The legal expenses insurance covers at least a part of the costs caused by the assignment. The invoice will be directed to the client. The compensation of the loss is a matter between the client and the insurance company.<\/p>\n<p><strong>Legal services:<\/strong><\/p>\n<p>(Suluissa verollinen hinta, alv 25,5%)<\/p>\n<div class=\"\">Palvelumme k\u00e4sitt\u00e4v\u00e4t:<br class=\"\" \/>Lakimiehen tavanomaisen toimeksiannon perushinta on 255,00 (320,03e\/h). Lakimiehen erityisasiantuntemusta vaativien toimeksiantojen hinnasta sovitaan erikseen.<\/div>\n<div><\/div>\n<div class=\"\">Tarjoamme my\u00f6s paketin, joka pit\u00e4\u00e4 sis\u00e4ll\u00e4\u00e4n tunnin videoneuvottelun lakimiehen kanssa, sek\u00e4 perushuolto- ja tapaamissopimuksen laatimisen yhteishintaan 450,00\u20ac (564,75 \u20ac). T\u00e4m\u00e4n paketin ja ajan voit varata suoraan soittamalla tai s\u00e4hk\u00f6postitse. <a href=\"https:\/\/www.lemmikkienlakipalvelut.fi\/en\/yhteystiedot\/\" target=\"_blank\" rel=\"noopener\">Yhteystiedot l\u00f6yd\u00e4t t\u00e4\u00e4lt\u00e4.<\/a><\/div>\n<div><\/div>\n<div class=\"\">The minimum charge for a court appearance is 3 hours.<\/div>\n<div><\/div>\n<div class=\"\">Fees collected by the authorities and other payments (for example travelling expenses 0,56 \u20ac\/km and copying fees 0,37 \u20ac\/page for high volume copying) will be charged separately.<\/div>\n<div><\/div>\n<div class=\"\">Matkoihin kuluneesta ajasta laskutetaan sovitun tuntihinnan mukaisesti ensimm\u00e4isten kolmen tunnin ajalta. Mik\u00e4li matka-aika ylitt\u00e4\u00e4 kolme tuntia, veloitetaan yli menev\u00e4st\u00e4 ajasta 130 \u20ac\/h (+ alv 25,5 %).<\/div>\n<p>Lakialan k\u00e4yt\u00e4nn\u00f6n mukaisesti laskutamme yksitt\u00e4isist\u00e4 puhelinneuvotteluista, s\u00e4hk\u00f6posteista ja niihin vastaamisesta aikaveloituksen mukaisesti kuitenkin siten, ett\u00e4 v\u00e4himm\u00e4isveloitus on ajan k\u00e4yt\u00f6st\u00e4 riippumatta aina 15 minuuttia. Tekstiviesteist\u00e4 ja niihin vastaamisesta laskutamme 10 minuutin aikaveloituksen mukaisesti.<\/p>","protected":false},"excerpt":{"rendered":"<p>Hinnasto Toimistomme laskutus perustuu toimeksiannon hoitamiseen k\u00e4ytettyyn aikaan. Tuntihinta pit\u00e4\u00e4 sis\u00e4ll\u00e4\u00e4n toimiston yleiskulut. Lakimiehen palkkio m\u00e4\u00e4r\u00e4ytyy toimeksiannon vaatiman ty\u00f6n m\u00e4\u00e4r\u00e4n ja laadun mukaan. S\u00e4\u00e4nn\u00f6nmukaisen ty\u00f6ajan ulkopuolella, vieraalla kielell\u00e4, ulkomailla, erityisen vaikeissa olosuhteissa tai lakimiehest\u00e4 riippumattomasta syyst\u00e4 erityisen kiireellisen\u00e4 suoritettavasta teht\u00e4v\u00e4st\u00e4 voidaan peri\u00e4 korotettu palkkio. Lauantaisin, sunnuntaisin tai pyh\u00e4p\u00e4ivin\u00e4, asiakkaan pyynn\u00f6st\u00e4 tai toimeksiannon sit\u00e4 ehdottomasti vaatiessa, [&hellip;]<\/p>","protected":false},"author":1,"featured_media":0,"parent":0,"menu_order":0,"comment_status":"closed","ping_status":"closed","template":"","meta":{"hide_page_title":""},"yoast_head":"<!-- This site is optimized with the Yoast SEO plugin v21.8.1 - https:\/\/yoast.com\/wordpress\/plugins\/seo\/ -->\n<title>Hinnasto - Lemmikkien lakipalvelut<\/title>\n<meta name=\"robots\" content=\"index, follow, max-snippet:-1, max-image-preview:large, max-video-preview:-1\" \/>\n<link rel=\"canonical\" href=\"https:\/\/www.lemmikkienlakipalvelut.fi\/en\/hinnasto\/\" \/>\n<meta property=\"og:locale\" content=\"en_GB\" \/>\n<meta property=\"og:type\" content=\"article\" \/>\n<meta property=\"og:title\" content=\"Hinnasto - Lemmikkien lakipalvelut\" \/>\n<meta property=\"og:description\" content=\"Hinnasto Toimistomme laskutus perustuu toimeksiannon hoitamiseen k\u00e4ytettyyn aikaan. Tuntihinta pit\u00e4\u00e4 sis\u00e4ll\u00e4\u00e4n toimiston yleiskulut. Lakimiehen palkkio m\u00e4\u00e4r\u00e4ytyy toimeksiannon vaatiman ty\u00f6n m\u00e4\u00e4r\u00e4n ja laadun mukaan. S\u00e4\u00e4nn\u00f6nmukaisen ty\u00f6ajan ulkopuolella, vieraalla kielell\u00e4, ulkomailla, erityisen vaikeissa olosuhteissa tai lakimiehest\u00e4 riippumattomasta syyst\u00e4 erityisen kiireellisen\u00e4 suoritettavasta teht\u00e4v\u00e4st\u00e4 voidaan peri\u00e4 korotettu palkkio. Lauantaisin, sunnuntaisin tai pyh\u00e4p\u00e4ivin\u00e4, asiakkaan pyynn\u00f6st\u00e4 tai toimeksiannon sit\u00e4 ehdottomasti vaatiessa, [&hellip;]\" \/>\n<meta property=\"og:url\" content=\"https:\/\/www.lemmikkienlakipalvelut.fi\/en\/hinnasto\/\" \/>\n<meta property=\"og:site_name\" content=\"Lemmikkien lakipalvelut\" \/>\n<meta property=\"article:publisher\" content=\"https:\/\/www.facebook.com\/Lemmikkiel%c3%a4inten-lakiasiaintoimisto-JenniMinni-102363868709126\/\" \/>\n<meta property=\"article:modified_time\" content=\"2024-10-24T13:51:43+00:00\" \/>\n<meta name=\"twitter:card\" content=\"summary_large_image\" \/>\n<meta name=\"twitter:label1\" content=\"Estimated reading time\" \/>\n\t<meta name=\"twitter:data1\" content=\"2 minutes\" \/>\n<script type=\"application\/ld+json\" class=\"yoast-schema-graph\">{\"@context\":\"https:\/\/schema.org\",\"@graph\":[{\"@type\":\"WebPage\",\"@id\":\"https:\/\/www.lemmikkienlakipalvelut.fi\/hinnasto\/\",\"url\":\"https:\/\/www.lemmikkienlakipalvelut.fi\/hinnasto\/\",\"name\":\"Hinnasto - Lemmikkien lakipalvelut\",\"isPartOf\":{\"@id\":\"https:\/\/www.lemmikkienlakipalvelut.fi\/#website\"},\"datePublished\":\"2021-05-05T08:35:58+00:00\",\"dateModified\":\"2024-10-24T13:51:43+00:00\",\"breadcrumb\":{\"@id\":\"https:\/\/www.lemmikkienlakipalvelut.fi\/hinnasto\/#breadcrumb\"},\"inLanguage\":\"en-GB\",\"potentialAction\":[{\"@type\":\"ReadAction\",\"target\":[\"https:\/\/www.lemmikkienlakipalvelut.fi\/hinnasto\/\"]}]},{\"@type\":\"BreadcrumbList\",\"@id\":\"https:\/\/www.lemmikkienlakipalvelut.fi\/hinnasto\/#breadcrumb\",\"itemListElement\":[{\"@type\":\"ListItem\",\"position\":1,\"name\":\"Etusivu\",\"item\":\"https:\/\/www.lemmikkienlakipalvelut.fi\/\"},{\"@type\":\"ListItem\",\"position\":2,\"name\":\"Hinnasto\"}]},{\"@type\":\"WebSite\",\"@id\":\"https:\/\/www.lemmikkienlakipalvelut.fi\/#website\",\"url\":\"https:\/\/www.lemmikkienlakipalvelut.fi\/\",\"name\":\"Lemmikkien lakipalvelut\",\"description\":\"\",\"publisher\":{\"@id\":\"https:\/\/www.lemmikkienlakipalvelut.fi\/#organization\"},\"potentialAction\":[{\"@type\":\"SearchAction\",\"target\":{\"@type\":\"EntryPoint\",\"urlTemplate\":\"https:\/\/www.lemmikkienlakipalvelut.fi\/?s={search_term_string}\"},\"query-input\":\"required name=search_term_string\"}],\"inLanguage\":\"en-GB\"},{\"@type\":\"Organization\",\"@id\":\"https:\/\/www.lemmikkienlakipalvelut.fi\/#organization\",\"name\":\"Lemmikkienlakipalvelut\",\"url\":\"https:\/\/www.lemmikkienlakipalvelut.fi\/\",\"logo\":{\"@type\":\"ImageObject\",\"inLanguage\":\"en-GB\",\"@id\":\"https:\/\/www.lemmikkienlakipalvelut.fi\/#\/schema\/logo\/image\/\",\"url\":\"https:\/\/www.lemmikkienlakipalvelut.fi\/wp-content\/uploads\/2021\/05\/Vector-file.png\",\"contentUrl\":\"https:\/\/www.lemmikkienlakipalvelut.fi\/wp-content\/uploads\/2021\/05\/Vector-file.png\",\"width\":4276,\"height\":2881,\"caption\":\"Lemmikkienlakipalvelut\"},\"image\":{\"@id\":\"https:\/\/www.lemmikkienlakipalvelut.fi\/#\/schema\/logo\/image\/\"},\"sameAs\":[\"https:\/\/www.facebook.com\/Lemmikkiel\u00e4inten-lakiasiaintoimisto-JenniMinni-102363868709126\/\"]}]}<\/script>\n<!-- \/ Yoast SEO plugin. -->","yoast_head_json":{"title":"Hinnasto - Lemmikkien lakipalvelut","robots":{"index":"index","follow":"follow","max-snippet":"max-snippet:-1","max-image-preview":"max-image-preview:large","max-video-preview":"max-video-preview:-1"},"canonical":"https:\/\/www.lemmikkienlakipalvelut.fi\/en\/hinnasto\/","og_locale":"en_GB","og_type":"article","og_title":"Hinnasto - Lemmikkien lakipalvelut","og_description":"Hinnasto Toimistomme laskutus perustuu toimeksiannon hoitamiseen k\u00e4ytettyyn aikaan. Tuntihinta pit\u00e4\u00e4 sis\u00e4ll\u00e4\u00e4n toimiston yleiskulut. Lakimiehen palkkio m\u00e4\u00e4r\u00e4ytyy toimeksiannon vaatiman ty\u00f6n m\u00e4\u00e4r\u00e4n ja laadun mukaan. S\u00e4\u00e4nn\u00f6nmukaisen ty\u00f6ajan ulkopuolella, vieraalla kielell\u00e4, ulkomailla, erityisen vaikeissa olosuhteissa tai lakimiehest\u00e4 riippumattomasta syyst\u00e4 erityisen kiireellisen\u00e4 suoritettavasta teht\u00e4v\u00e4st\u00e4 voidaan peri\u00e4 korotettu palkkio. Lauantaisin, sunnuntaisin tai pyh\u00e4p\u00e4ivin\u00e4, asiakkaan pyynn\u00f6st\u00e4 tai toimeksiannon sit\u00e4 ehdottomasti vaatiessa, [&hellip;]","og_url":"https:\/\/www.lemmikkienlakipalvelut.fi\/en\/hinnasto\/","og_site_name":"Lemmikkien lakipalvelut","article_publisher":"https:\/\/www.facebook.com\/Lemmikkiel%c3%a4inten-lakiasiaintoimisto-JenniMinni-102363868709126\/","article_modified_time":"2024-10-24T13:51:43+00:00","twitter_card":"summary_large_image","twitter_misc":{"Estimated reading time":"2 minutes"},"schema":{"@context":"https:\/\/schema.org","@graph":[{"@type":"WebPage","@id":"https:\/\/www.lemmikkienlakipalvelut.fi\/hinnasto\/","url":"https:\/\/www.lemmikkienlakipalvelut.fi\/hinnasto\/","name":"Hinnasto - Lemmikkien lakipalvelut","isPartOf":{"@id":"https:\/\/www.lemmikkienlakipalvelut.fi\/#website"},"datePublished":"2021-05-05T08:35:58+00:00","dateModified":"2024-10-24T13:51:43+00:00","breadcrumb":{"@id":"https:\/\/www.lemmikkienlakipalvelut.fi\/hinnasto\/#breadcrumb"},"inLanguage":"en-GB","potentialAction":[{"@type":"ReadAction","target":["https:\/\/www.lemmikkienlakipalvelut.fi\/hinnasto\/"]}]},{"@type":"BreadcrumbList","@id":"https:\/\/www.lemmikkienlakipalvelut.fi\/hinnasto\/#breadcrumb","itemListElement":[{"@type":"ListItem","position":1,"name":"Etusivu","item":"https:\/\/www.lemmikkienlakipalvelut.fi\/"},{"@type":"ListItem","position":2,"name":"Hinnasto"}]},{"@type":"WebSite","@id":"https:\/\/www.lemmikkienlakipalvelut.fi\/#website","url":"https:\/\/www.lemmikkienlakipalvelut.fi\/","name":"Lemmikkien lakipalvelut","description":"","publisher":{"@id":"https:\/\/www.lemmikkienlakipalvelut.fi\/#organization"},"potentialAction":[{"@type":"SearchAction","target":{"@type":"EntryPoint","urlTemplate":"https:\/\/www.lemmikkienlakipalvelut.fi\/?s={search_term_string}"},"query-input":"required name=search_term_string"}],"inLanguage":"en-GB"},{"@type":"Organization","@id":"https:\/\/www.lemmikkienlakipalvelut.fi\/#organization","name":"Lemmikkienlakipalvelut","url":"https:\/\/www.lemmikkienlakipalvelut.fi\/","logo":{"@type":"ImageObject","inLanguage":"en-GB","@id":"https:\/\/www.lemmikkienlakipalvelut.fi\/#\/schema\/logo\/image\/","url":"https:\/\/www.lemmikkienlakipalvelut.fi\/wp-content\/uploads\/2021\/05\/Vector-file.png","contentUrl":"https:\/\/www.lemmikkienlakipalvelut.fi\/wp-content\/uploads\/2021\/05\/Vector-file.png","width":4276,"height":2881,"caption":"Lemmikkienlakipalvelut"},"image":{"@id":"https:\/\/www.lemmikkienlakipalvelut.fi\/#\/schema\/logo\/image\/"},"sameAs":["https:\/\/www.facebook.com\/Lemmikkiel\u00e4inten-lakiasiaintoimisto-JenniMinni-102363868709126\/"]}]}},"_links":{"self":[{"href":"https:\/\/www.lemmikkienlakipalvelut.fi\/en\/wp-json\/wp\/v2\/pages\/151"}],"collection":[{"href":"https:\/\/www.lemmikkienlakipalvelut.fi\/en\/wp-json\/wp\/v2\/pages"}],"about":[{"href":"https:\/\/www.lemmikkienlakipalvelut.fi\/en\/wp-json\/wp\/v2\/types\/page"}],"author":[{"embeddable":true,"href":"https:\/\/www.lemmikkienlakipalvelut.fi\/en\/wp-json\/wp\/v2\/users\/1"}],"replies":[{"embeddable":true,"href":"https:\/\/www.lemmikkienlakipalvelut.fi\/en\/wp-json\/wp\/v2\/comments?post=151"}],"version-history":[{"count":23,"href":"https:\/\/www.lemmikkienlakipalvelut.fi\/en\/wp-json\/wp\/v2\/pages\/151\/revisions"}],"predecessor-version":[{"id":1100,"href":"https:\/\/www.lemmikkienlakipalvelut.fi\/en\/wp-json\/wp\/v2\/pages\/151\/revisions\/1100"}],"wp:attachment":[{"href":"https:\/\/www.lemmikkienlakipalvelut.fi\/en\/wp-json\/wp\/v2\/media?parent=151"}],"curies":[{"name":"wp","href":"https:\/\/api.w.org\/{rel}","templated":true}]}}