{"id":153,"date":"2021-05-05T08:31:44","date_gmt":"2021-05-05T08:31:44","guid":{"rendered":"https:\/\/www.lemmikkienlakipalvelut.fi\/?page_id=153"},"modified":"2024-10-24T13:52:36","modified_gmt":"2024-10-24T13:52:36","slug":"yhteystiedot","status":"publish","type":"page","link":"https:\/\/www.lemmikkienlakipalvelut.fi\/en\/yhteystiedot\/","title":{"rendered":"Contact Us"},"content":{"rendered":"<h2>Ota rohkeasti yhteytt\u00e4!<\/h2>\n<p>Jos sinua askarruttaa jokin sellainen asia, jossa koet ett\u00e4 voimme auttaa, ota huoletta meihin yhteytt\u00e4 soittamalla tai s\u00e4hk\u00f6postitse. Yhteydenotto tilanteesi selvitt\u00e4miseksi ei sido sinua mihink\u00e4\u00e4n. Jutellaan ja katsotaan miten asiassa voisi edet\u00e4!<\/p>\n<ul>\n<li>Erottajankatu 9A 00130 Helsinki<\/li>\n<li>jan-olof.nyholm@lemmikkienlakipalvelut.fi<\/li>\n<li>041 313 8316<\/li>\n<\/ul>\n<p><img decoding=\"async\" src=\"https:\/\/www.lemmikkienlakipalvelut.fi\/wp-content\/uploads\/2021\/05\/IMG_3385-938x1024.jpg\" sizes=\"(max-width: 660px) 100vw, 660px\" srcset=\"https:\/\/www.lemmikkienlakipalvelut.fi\/wp-content\/uploads\/2021\/05\/IMG_3385-938x1024.jpg 938w, https:\/\/www.lemmikkienlakipalvelut.fi\/wp-content\/uploads\/2021\/05\/IMG_3385-275x300.jpg 275w, https:\/\/www.lemmikkienlakipalvelut.fi\/wp-content\/uploads\/2021\/05\/IMG_3385-768x839.jpg 768w, https:\/\/www.lemmikkienlakipalvelut.fi\/wp-content\/uploads\/2021\/05\/IMG_3385.jpg 1099w\" alt=\"\" width=\"660\" height=\"721\" \/><\/p>","protected":false},"excerpt":{"rendered":"<p>Ota rohkeasti yhteytt\u00e4! Jos sinua askarruttaa jokin sellainen asia, jossa koet ett\u00e4 voimme auttaa, ota huoletta meihin yhteytt\u00e4 soittamalla tai s\u00e4hk\u00f6postitse. Yhteydenotto tilanteesi selvitt\u00e4miseksi ei sido sinua mihink\u00e4\u00e4n. Jutellaan ja katsotaan miten asiassa voisi edet\u00e4! Erottajankatu 9A 00130 Helsinki jan-olof.nyholm@lemmikkienlakipalvelut.fi 041 313 8316<\/p>","protected":false},"author":1,"featured_media":0,"parent":0,"menu_order":0,"comment_status":"closed","ping_status":"closed","template":"","meta":{"hide_page_title":""},"yoast_head":"<!-- This site is optimized with the Yoast SEO plugin v21.8.1 - https:\/\/yoast.com\/wordpress\/plugins\/seo\/ -->\n<title>Yhteystiedot - Lemmikkien lakipalvelut<\/title>\n<meta name=\"robots\" content=\"index, follow, max-snippet:-1, max-image-preview:large, max-video-preview:-1\" \/>\n<link rel=\"canonical\" href=\"https:\/\/www.lemmikkienlakipalvelut.fi\/en\/yhteystiedot\/\" \/>\n<meta property=\"og:locale\" content=\"en_GB\" \/>\n<meta property=\"og:type\" content=\"article\" \/>\n<meta property=\"og:title\" content=\"Yhteystiedot - Lemmikkien lakipalvelut\" \/>\n<meta property=\"og:description\" content=\"Ota rohkeasti yhteytt\u00e4! Jos sinua askarruttaa jokin sellainen asia, jossa koet ett\u00e4 voimme auttaa, ota huoletta meihin yhteytt\u00e4 soittamalla tai s\u00e4hk\u00f6postitse. Yhteydenotto tilanteesi selvitt\u00e4miseksi ei sido sinua mihink\u00e4\u00e4n. Jutellaan ja katsotaan miten asiassa voisi edet\u00e4! Erottajankatu 9A 00130 Helsinki jan-olof.nyholm@lemmikkienlakipalvelut.fi 041 313 8316\" \/>\n<meta property=\"og:url\" content=\"https:\/\/www.lemmikkienlakipalvelut.fi\/en\/yhteystiedot\/\" \/>\n<meta property=\"og:site_name\" content=\"Lemmikkien lakipalvelut\" \/>\n<meta property=\"article:publisher\" content=\"https:\/\/www.facebook.com\/Lemmikkiel%c3%a4inten-lakiasiaintoimisto-JenniMinni-102363868709126\/\" \/>\n<meta property=\"article:modified_time\" content=\"2024-10-24T13:52:36+00:00\" \/>\n<meta property=\"og:image\" content=\"https:\/\/www.lemmikkienlakipalvelut.fi\/wp-content\/uploads\/2021\/05\/IMG_3385-938x1024.jpg\" \/>\n<meta name=\"twitter:card\" content=\"summary_large_image\" \/>\n<meta name=\"twitter:label1\" content=\"Estimated reading time\" \/>\n\t<meta name=\"twitter:data1\" content=\"1 minute\" \/>\n<script type=\"application\/ld+json\" class=\"yoast-schema-graph\">{\"@context\":\"https:\/\/schema.org\",\"@graph\":[{\"@type\":\"WebPage\",\"@id\":\"https:\/\/www.lemmikkienlakipalvelut.fi\/yhteystiedot\/\",\"url\":\"https:\/\/www.lemmikkienlakipalvelut.fi\/yhteystiedot\/\",\"name\":\"Yhteystiedot - Lemmikkien lakipalvelut\",\"isPartOf\":{\"@id\":\"https:\/\/www.lemmikkienlakipalvelut.fi\/#website\"},\"datePublished\":\"2021-05-05T08:31:44+00:00\",\"dateModified\":\"2024-10-24T13:52:36+00:00\",\"breadcrumb\":{\"@id\":\"https:\/\/www.lemmikkienlakipalvelut.fi\/yhteystiedot\/#breadcrumb\"},\"inLanguage\":\"en-GB\",\"potentialAction\":[{\"@type\":\"ReadAction\",\"target\":[\"https:\/\/www.lemmikkienlakipalvelut.fi\/yhteystiedot\/\"]}]},{\"@type\":\"BreadcrumbList\",\"@id\":\"https:\/\/www.lemmikkienlakipalvelut.fi\/yhteystiedot\/#breadcrumb\",\"itemListElement\":[{\"@type\":\"ListItem\",\"position\":1,\"name\":\"Etusivu\",\"item\":\"https:\/\/www.lemmikkienlakipalvelut.fi\/\"},{\"@type\":\"ListItem\",\"position\":2,\"name\":\"Yhteystiedot\"}]},{\"@type\":\"WebSite\",\"@id\":\"https:\/\/www.lemmikkienlakipalvelut.fi\/#website\",\"url\":\"https:\/\/www.lemmikkienlakipalvelut.fi\/\",\"name\":\"Lemmikkien lakipalvelut\",\"description\":\"\",\"publisher\":{\"@id\":\"https:\/\/www.lemmikkienlakipalvelut.fi\/#organization\"},\"potentialAction\":[{\"@type\":\"SearchAction\",\"target\":{\"@type\":\"EntryPoint\",\"urlTemplate\":\"https:\/\/www.lemmikkienlakipalvelut.fi\/?s={search_term_string}\"},\"query-input\":\"required name=search_term_string\"}],\"inLanguage\":\"en-GB\"},{\"@type\":\"Organization\",\"@id\":\"https:\/\/www.lemmikkienlakipalvelut.fi\/#organization\",\"name\":\"Lemmikkienlakipalvelut\",\"url\":\"https:\/\/www.lemmikkienlakipalvelut.fi\/\",\"logo\":{\"@type\":\"ImageObject\",\"inLanguage\":\"en-GB\",\"@id\":\"https:\/\/www.lemmikkienlakipalvelut.fi\/#\/schema\/logo\/image\/\",\"url\":\"https:\/\/www.lemmikkienlakipalvelut.fi\/wp-content\/uploads\/2021\/05\/Vector-file.png\",\"contentUrl\":\"https:\/\/www.lemmikkienlakipalvelut.fi\/wp-content\/uploads\/2021\/05\/Vector-file.png\",\"width\":4276,\"height\":2881,\"caption\":\"Lemmikkienlakipalvelut\"},\"image\":{\"@id\":\"https:\/\/www.lemmikkienlakipalvelut.fi\/#\/schema\/logo\/image\/\"},\"sameAs\":[\"https:\/\/www.facebook.com\/Lemmikkiel\u00e4inten-lakiasiaintoimisto-JenniMinni-102363868709126\/\"]}]}<\/script>\n<!-- \/ Yoast SEO plugin. -->","yoast_head_json":{"title":"Yhteystiedot - Lemmikkien lakipalvelut","robots":{"index":"index","follow":"follow","max-snippet":"max-snippet:-1","max-image-preview":"max-image-preview:large","max-video-preview":"max-video-preview:-1"},"canonical":"https:\/\/www.lemmikkienlakipalvelut.fi\/en\/yhteystiedot\/","og_locale":"en_GB","og_type":"article","og_title":"Yhteystiedot - Lemmikkien lakipalvelut","og_description":"Ota rohkeasti yhteytt\u00e4! Jos sinua askarruttaa jokin sellainen asia, jossa koet ett\u00e4 voimme auttaa, ota huoletta meihin yhteytt\u00e4 soittamalla tai s\u00e4hk\u00f6postitse. Yhteydenotto tilanteesi selvitt\u00e4miseksi ei sido sinua mihink\u00e4\u00e4n. Jutellaan ja katsotaan miten asiassa voisi edet\u00e4! Erottajankatu 9A 00130 Helsinki jan-olof.nyholm@lemmikkienlakipalvelut.fi 041 313 8316","og_url":"https:\/\/www.lemmikkienlakipalvelut.fi\/en\/yhteystiedot\/","og_site_name":"Lemmikkien lakipalvelut","article_publisher":"https:\/\/www.facebook.com\/Lemmikkiel%c3%a4inten-lakiasiaintoimisto-JenniMinni-102363868709126\/","article_modified_time":"2024-10-24T13:52:36+00:00","og_image":[{"url":"https:\/\/www.lemmikkienlakipalvelut.fi\/wp-content\/uploads\/2021\/05\/IMG_3385-938x1024.jpg"}],"twitter_card":"summary_large_image","twitter_misc":{"Estimated reading time":"1 minute"},"schema":{"@context":"https:\/\/schema.org","@graph":[{"@type":"WebPage","@id":"https:\/\/www.lemmikkienlakipalvelut.fi\/yhteystiedot\/","url":"https:\/\/www.lemmikkienlakipalvelut.fi\/yhteystiedot\/","name":"Yhteystiedot - Lemmikkien lakipalvelut","isPartOf":{"@id":"https:\/\/www.lemmikkienlakipalvelut.fi\/#website"},"datePublished":"2021-05-05T08:31:44+00:00","dateModified":"2024-10-24T13:52:36+00:00","breadcrumb":{"@id":"https:\/\/www.lemmikkienlakipalvelut.fi\/yhteystiedot\/#breadcrumb"},"inLanguage":"en-GB","potentialAction":[{"@type":"ReadAction","target":["https:\/\/www.lemmikkienlakipalvelut.fi\/yhteystiedot\/"]}]},{"@type":"BreadcrumbList","@id":"https:\/\/www.lemmikkienlakipalvelut.fi\/yhteystiedot\/#breadcrumb","itemListElement":[{"@type":"ListItem","position":1,"name":"Etusivu","item":"https:\/\/www.lemmikkienlakipalvelut.fi\/"},{"@type":"ListItem","position":2,"name":"Yhteystiedot"}]},{"@type":"WebSite","@id":"https:\/\/www.lemmikkienlakipalvelut.fi\/#website","url":"https:\/\/www.lemmikkienlakipalvelut.fi\/","name":"Lemmikkien lakipalvelut","description":"","publisher":{"@id":"https:\/\/www.lemmikkienlakipalvelut.fi\/#organization"},"potentialAction":[{"@type":"SearchAction","target":{"@type":"EntryPoint","urlTemplate":"https:\/\/www.lemmikkienlakipalvelut.fi\/?s={search_term_string}"},"query-input":"required name=search_term_string"}],"inLanguage":"en-GB"},{"@type":"Organization","@id":"https:\/\/www.lemmikkienlakipalvelut.fi\/#organization","name":"Lemmikkienlakipalvelut","url":"https:\/\/www.lemmikkienlakipalvelut.fi\/","logo":{"@type":"ImageObject","inLanguage":"en-GB","@id":"https:\/\/www.lemmikkienlakipalvelut.fi\/#\/schema\/logo\/image\/","url":"https:\/\/www.lemmikkienlakipalvelut.fi\/wp-content\/uploads\/2021\/05\/Vector-file.png","contentUrl":"https:\/\/www.lemmikkienlakipalvelut.fi\/wp-content\/uploads\/2021\/05\/Vector-file.png","width":4276,"height":2881,"caption":"Lemmikkienlakipalvelut"},"image":{"@id":"https:\/\/www.lemmikkienlakipalvelut.fi\/#\/schema\/logo\/image\/"},"sameAs":["https:\/\/www.facebook.com\/Lemmikkiel\u00e4inten-lakiasiaintoimisto-JenniMinni-102363868709126\/"]}]}},"_links":{"self":[{"href":"https:\/\/www.lemmikkienlakipalvelut.fi\/en\/wp-json\/wp\/v2\/pages\/153"}],"collection":[{"href":"https:\/\/www.lemmikkienlakipalvelut.fi\/en\/wp-json\/wp\/v2\/pages"}],"about":[{"href":"https:\/\/www.lemmikkienlakipalvelut.fi\/en\/wp-json\/wp\/v2\/types\/page"}],"author":[{"embeddable":true,"href":"https:\/\/www.lemmikkienlakipalvelut.fi\/en\/wp-json\/wp\/v2\/users\/1"}],"replies":[{"embeddable":true,"href":"https:\/\/www.lemmikkienlakipalvelut.fi\/en\/wp-json\/wp\/v2\/comments?post=153"}],"version-history":[{"count":36,"href":"https:\/\/www.lemmikkienlakipalvelut.fi\/en\/wp-json\/wp\/v2\/pages\/153\/revisions"}],"predecessor-version":[{"id":1104,"href":"https:\/\/www.lemmikkienlakipalvelut.fi\/en\/wp-json\/wp\/v2\/pages\/153\/revisions\/1104"}],"wp:attachment":[{"href":"https:\/\/www.lemmikkienlakipalvelut.fi\/en\/wp-json\/wp\/v2\/media?parent=153"}],"curies":[{"name":"wp","href":"https:\/\/api.w.org\/{rel}","templated":true}]}}