{"id":143,"date":"2021-05-05T08:30:12","date_gmt":"2021-05-05T08:30:12","guid":{"rendered":"https:\/\/www.lemmikkienlakipalvelut.fi\/?page_id=143"},"modified":"2023-06-07T13:06:55","modified_gmt":"2023-06-07T13:06:55","slug":"meista","status":"publish","type":"page","link":"https:\/\/www.lemmikkienlakipalvelut.fi\/sv\/meista\/","title":{"rendered":"Om oss"},"content":{"rendered":"<h1>Jan-Olof Nyholm<\/h1>\n<p>Husdjur har varit n\u00e4rvarande i min vardag i hela mitt liv. N\u00e4r jag f\u00f6ddes hade vi en svart cockerspaniel i familjen som hette Negi. Jag har h\u00f6rt att Negi f\u00f6rsvarade mig hetsigt i barnvagnen d\u00e5 mamma h\u00e4mtade br\u00f6d och mj\u00f6lk.  Ingen levande varelse hade n\u00e5gon chans att kika in i vagnen. Hemma retade Negi mig genom att dra mig i bl\u00f6jan d\u00e5 jag f\u00f6rs\u00f6kte krypa fram l\u00e4ngs golvet.<\/p>\n<p>D\u00e5 jag var 6-7 \u00e5r fick jag en svart katt som kom fram till mig en natt d\u00e5 jag var ute och samla fj\u00e4rilar. Micki gick inte med p\u00e5 att l\u00e4mna oss och sedan levde vi tillsammans i 13 \u00e5r.<\/p>\n<p>F\u00f6ljande husdjur skaffade jag d\u00e5 vi bodde i Frankrike och jag hade en egen familj och tv\u00e5 barn. D\u00e5 skaffade vi en golden retriever med fin karakt\u00e4r som vi d\u00f6pte till Coco. Vi spenderade 11 lyckliga \u00e5r tillsammans, tills Coco l\u00e4mnade oss 2007.<\/p>\n<p>De f\u00f6ljande \u00e5ren levde jag utan hund \u00e4nda tills 2010, d\u00e5 Jenni blev en del av v\u00e5rt liv. Sedan kom en till golden retriever Sandy, som olyckligtvis gick bort alldeles f\u00f6r tidigt. <br \/>\u00c5ret 2019 reste jag till Sverige f\u00f6r att h\u00e4mta hem en ny familjemedlem, en golden retriever Emma. Emma piggade upp vardagen b\u00e5de f\u00f6r sitt \u00e4ldre syskon Jenni som f\u00f6r alla oss som \u00e4r en del av Emmas vardagliga liv. Det kom \u00e4ven som en \u00f6verraskning f\u00f6r mig att det svenska samh\u00e4llets gr\u00e4nsl\u00f6sa sj\u00e4lvf\u00f6rtroende str\u00e4cker sig \u00e4ven till hundar.<\/p>\n<p>Min k\u00e4rlek f\u00f6r dessa fyrbenta v\u00e4nner \u00e4r stark. Det k\u00e4nns v\u00e4ldigt fint att kunna fr\u00e4mja dessa husdjurs liv och r\u00e4ttigheter tillsammans med resten av v\u00e5rt professionella team.<\/p>\n<p>Det \u00e4r d\u00e4rf\u00f6r jag har grundat denna f\u00f6rsta juridiska byr\u00e5 f\u00f6r husdjur.<\/p>\n<p>\t\t\t\t\t\t\t\t\t\t\t\t<img decoding=\"async\" width=\"660\" height=\"880\" src=\"https:\/\/www.lemmikkienlakipalvelut.fi\/wp-content\/uploads\/2021\/05\/IMG_0451-768x1024.jpg\" alt=\"\" loading=\"lazy\" srcset=\"https:\/\/www.lemmikkienlakipalvelut.fi\/wp-content\/uploads\/2021\/05\/IMG_0451-768x1024.jpg 768w, https:\/\/www.lemmikkienlakipalvelut.fi\/wp-content\/uploads\/2021\/05\/IMG_0451-225x300.jpg 225w, https:\/\/www.lemmikkienlakipalvelut.fi\/wp-content\/uploads\/2021\/05\/IMG_0451.jpg 900w\" sizes=\"(max-width: 660px) 100vw, 660px\" \/><\/p>","protected":false},"excerpt":{"rendered":"<p>Jan-Olof Nyholm Lemmikit ovat olleet arjessani l\u00e4sn\u00e4 koko el\u00e4m\u00e4ni. Kun synnyin, perheess\u00e4mme oli jo musta cockerspanieli nimelt\u00e4\u00e4n Negi. Olen kuullut, ett\u00e4 se puolusti \u00e4rh\u00e4k\u00e4sti minua lastenvanuissa, kun \u00e4iti k\u00e4vi hakemassa Elannosta leip\u00e4\u00e4 ja maitoa. Yhdell\u00e4k\u00e4\u00e4n el\u00e4v\u00e4ll\u00e4 olennolla koosta riippumatta ei ollut mit\u00e4\u00e4n asiaa kurkkaaman vaunuista sis\u00e4lle. Kotona t\u00e4m\u00e4 Negi sitten kiusasi minua vet\u00e4m\u00e4ll\u00e4 minua vaipoista, [&hellip;]<\/p>","protected":false},"author":1,"featured_media":0,"parent":0,"menu_order":0,"comment_status":"closed","ping_status":"closed","template":"elementor_header_footer","meta":{"hide_page_title":""},"yoast_head":"<!-- This site is optimized with the Yoast SEO plugin v21.8.1 - https:\/\/yoast.com\/wordpress\/plugins\/seo\/ -->\n<title>Meist\u00e4 - Lemmikkien lakipalvelut<\/title>\n<meta name=\"robots\" content=\"index, follow, max-snippet:-1, max-image-preview:large, max-video-preview:-1\" \/>\n<link rel=\"canonical\" href=\"https:\/\/www.lemmikkienlakipalvelut.fi\/sv\/meista\/\" \/>\n<meta property=\"og:locale\" content=\"sv_SE\" \/>\n<meta property=\"og:type\" content=\"article\" \/>\n<meta property=\"og:title\" content=\"Meist\u00e4 - Lemmikkien lakipalvelut\" \/>\n<meta property=\"og:description\" content=\"Jan-Olof Nyholm Lemmikit ovat olleet arjessani l\u00e4sn\u00e4 koko el\u00e4m\u00e4ni. Kun synnyin, perheess\u00e4mme oli jo musta cockerspanieli nimelt\u00e4\u00e4n Negi. Olen kuullut, ett\u00e4 se puolusti \u00e4rh\u00e4k\u00e4sti minua lastenvanuissa, kun \u00e4iti k\u00e4vi hakemassa Elannosta leip\u00e4\u00e4 ja maitoa. Yhdell\u00e4k\u00e4\u00e4n el\u00e4v\u00e4ll\u00e4 olennolla koosta riippumatta ei ollut mit\u00e4\u00e4n asiaa kurkkaaman vaunuista sis\u00e4lle. Kotona t\u00e4m\u00e4 Negi sitten kiusasi minua vet\u00e4m\u00e4ll\u00e4 minua vaipoista, [&hellip;]\" \/>\n<meta property=\"og:url\" content=\"https:\/\/www.lemmikkienlakipalvelut.fi\/sv\/meista\/\" \/>\n<meta property=\"og:site_name\" content=\"Lemmikkien lakipalvelut\" \/>\n<meta property=\"article:publisher\" content=\"https:\/\/www.facebook.com\/Lemmikkiel%c3%a4inten-lakiasiaintoimisto-JenniMinni-102363868709126\/\" \/>\n<meta property=\"article:modified_time\" content=\"2023-06-07T13:06:55+00:00\" \/>\n<meta property=\"og:image\" content=\"https:\/\/www.lemmikkienlakipalvelut.fi\/wp-content\/uploads\/2021\/05\/IMG_0451-768x1024.jpg\" \/>\n<meta name=\"twitter:card\" content=\"summary_large_image\" \/>\n<meta name=\"twitter:label1\" content=\"Ber\u00e4knad l\u00e4stid\" \/>\n\t<meta name=\"twitter:data1\" content=\"2 minuter\" \/>\n<script type=\"application\/ld+json\" class=\"yoast-schema-graph\">{\"@context\":\"https:\/\/schema.org\",\"@graph\":[{\"@type\":\"WebPage\",\"@id\":\"https:\/\/www.lemmikkienlakipalvelut.fi\/meista\/\",\"url\":\"https:\/\/www.lemmikkienlakipalvelut.fi\/meista\/\",\"name\":\"Meist\u00e4 - Lemmikkien lakipalvelut\",\"isPartOf\":{\"@id\":\"https:\/\/www.lemmikkienlakipalvelut.fi\/#website\"},\"datePublished\":\"2021-05-05T08:30:12+00:00\",\"dateModified\":\"2023-06-07T13:06:55+00:00\",\"breadcrumb\":{\"@id\":\"https:\/\/www.lemmikkienlakipalvelut.fi\/meista\/#breadcrumb\"},\"inLanguage\":\"sv-SE\",\"potentialAction\":[{\"@type\":\"ReadAction\",\"target\":[\"https:\/\/www.lemmikkienlakipalvelut.fi\/meista\/\"]}]},{\"@type\":\"BreadcrumbList\",\"@id\":\"https:\/\/www.lemmikkienlakipalvelut.fi\/meista\/#breadcrumb\",\"itemListElement\":[{\"@type\":\"ListItem\",\"position\":1,\"name\":\"Etusivu\",\"item\":\"https:\/\/www.lemmikkienlakipalvelut.fi\/\"},{\"@type\":\"ListItem\",\"position\":2,\"name\":\"Meist\u00e4\"}]},{\"@type\":\"WebSite\",\"@id\":\"https:\/\/www.lemmikkienlakipalvelut.fi\/#website\",\"url\":\"https:\/\/www.lemmikkienlakipalvelut.fi\/\",\"name\":\"Lemmikkien lakipalvelut\",\"description\":\"\",\"publisher\":{\"@id\":\"https:\/\/www.lemmikkienlakipalvelut.fi\/#organization\"},\"potentialAction\":[{\"@type\":\"SearchAction\",\"target\":{\"@type\":\"EntryPoint\",\"urlTemplate\":\"https:\/\/www.lemmikkienlakipalvelut.fi\/?s={search_term_string}\"},\"query-input\":\"required name=search_term_string\"}],\"inLanguage\":\"sv-SE\"},{\"@type\":\"Organization\",\"@id\":\"https:\/\/www.lemmikkienlakipalvelut.fi\/#organization\",\"name\":\"Lemmikkienlakipalvelut\",\"url\":\"https:\/\/www.lemmikkienlakipalvelut.fi\/\",\"logo\":{\"@type\":\"ImageObject\",\"inLanguage\":\"sv-SE\",\"@id\":\"https:\/\/www.lemmikkienlakipalvelut.fi\/#\/schema\/logo\/image\/\",\"url\":\"https:\/\/www.lemmikkienlakipalvelut.fi\/wp-content\/uploads\/2021\/05\/Vector-file.png\",\"contentUrl\":\"https:\/\/www.lemmikkienlakipalvelut.fi\/wp-content\/uploads\/2021\/05\/Vector-file.png\",\"width\":4276,\"height\":2881,\"caption\":\"Lemmikkienlakipalvelut\"},\"image\":{\"@id\":\"https:\/\/www.lemmikkienlakipalvelut.fi\/#\/schema\/logo\/image\/\"},\"sameAs\":[\"https:\/\/www.facebook.com\/Lemmikkiel\u00e4inten-lakiasiaintoimisto-JenniMinni-102363868709126\/\"]}]}<\/script>\n<!-- \/ Yoast SEO plugin. -->","yoast_head_json":{"title":"Meist\u00e4 - Lemmikkien lakipalvelut","robots":{"index":"index","follow":"follow","max-snippet":"max-snippet:-1","max-image-preview":"max-image-preview:large","max-video-preview":"max-video-preview:-1"},"canonical":"https:\/\/www.lemmikkienlakipalvelut.fi\/sv\/meista\/","og_locale":"sv_SE","og_type":"article","og_title":"Meist\u00e4 - Lemmikkien lakipalvelut","og_description":"Jan-Olof Nyholm Lemmikit ovat olleet arjessani l\u00e4sn\u00e4 koko el\u00e4m\u00e4ni. Kun synnyin, perheess\u00e4mme oli jo musta cockerspanieli nimelt\u00e4\u00e4n Negi. Olen kuullut, ett\u00e4 se puolusti \u00e4rh\u00e4k\u00e4sti minua lastenvanuissa, kun \u00e4iti k\u00e4vi hakemassa Elannosta leip\u00e4\u00e4 ja maitoa. Yhdell\u00e4k\u00e4\u00e4n el\u00e4v\u00e4ll\u00e4 olennolla koosta riippumatta ei ollut mit\u00e4\u00e4n asiaa kurkkaaman vaunuista sis\u00e4lle. Kotona t\u00e4m\u00e4 Negi sitten kiusasi minua vet\u00e4m\u00e4ll\u00e4 minua vaipoista, [&hellip;]","og_url":"https:\/\/www.lemmikkienlakipalvelut.fi\/sv\/meista\/","og_site_name":"Lemmikkien lakipalvelut","article_publisher":"https:\/\/www.facebook.com\/Lemmikkiel%c3%a4inten-lakiasiaintoimisto-JenniMinni-102363868709126\/","article_modified_time":"2023-06-07T13:06:55+00:00","og_image":[{"url":"https:\/\/www.lemmikkienlakipalvelut.fi\/wp-content\/uploads\/2021\/05\/IMG_0451-768x1024.jpg"}],"twitter_card":"summary_large_image","twitter_misc":{"Ber\u00e4knad l\u00e4stid":"2 minuter"},"schema":{"@context":"https:\/\/schema.org","@graph":[{"@type":"WebPage","@id":"https:\/\/www.lemmikkienlakipalvelut.fi\/meista\/","url":"https:\/\/www.lemmikkienlakipalvelut.fi\/meista\/","name":"Meist\u00e4 - Lemmikkien lakipalvelut","isPartOf":{"@id":"https:\/\/www.lemmikkienlakipalvelut.fi\/#website"},"datePublished":"2021-05-05T08:30:12+00:00","dateModified":"2023-06-07T13:06:55+00:00","breadcrumb":{"@id":"https:\/\/www.lemmikkienlakipalvelut.fi\/meista\/#breadcrumb"},"inLanguage":"sv-SE","potentialAction":[{"@type":"ReadAction","target":["https:\/\/www.lemmikkienlakipalvelut.fi\/meista\/"]}]},{"@type":"BreadcrumbList","@id":"https:\/\/www.lemmikkienlakipalvelut.fi\/meista\/#breadcrumb","itemListElement":[{"@type":"ListItem","position":1,"name":"Etusivu","item":"https:\/\/www.lemmikkienlakipalvelut.fi\/"},{"@type":"ListItem","position":2,"name":"Meist\u00e4"}]},{"@type":"WebSite","@id":"https:\/\/www.lemmikkienlakipalvelut.fi\/#website","url":"https:\/\/www.lemmikkienlakipalvelut.fi\/","name":"Lemmikkien lakipalvelut","description":"","publisher":{"@id":"https:\/\/www.lemmikkienlakipalvelut.fi\/#organization"},"potentialAction":[{"@type":"SearchAction","target":{"@type":"EntryPoint","urlTemplate":"https:\/\/www.lemmikkienlakipalvelut.fi\/?s={search_term_string}"},"query-input":"required name=search_term_string"}],"inLanguage":"sv-SE"},{"@type":"Organization","@id":"https:\/\/www.lemmikkienlakipalvelut.fi\/#organization","name":"Lemmikkienlakipalvelut","url":"https:\/\/www.lemmikkienlakipalvelut.fi\/","logo":{"@type":"ImageObject","inLanguage":"sv-SE","@id":"https:\/\/www.lemmikkienlakipalvelut.fi\/#\/schema\/logo\/image\/","url":"https:\/\/www.lemmikkienlakipalvelut.fi\/wp-content\/uploads\/2021\/05\/Vector-file.png","contentUrl":"https:\/\/www.lemmikkienlakipalvelut.fi\/wp-content\/uploads\/2021\/05\/Vector-file.png","width":4276,"height":2881,"caption":"Lemmikkienlakipalvelut"},"image":{"@id":"https:\/\/www.lemmikkienlakipalvelut.fi\/#\/schema\/logo\/image\/"},"sameAs":["https:\/\/www.facebook.com\/Lemmikkiel\u00e4inten-lakiasiaintoimisto-JenniMinni-102363868709126\/"]}]}},"_links":{"self":[{"href":"https:\/\/www.lemmikkienlakipalvelut.fi\/sv\/wp-json\/wp\/v2\/pages\/143"}],"collection":[{"href":"https:\/\/www.lemmikkienlakipalvelut.fi\/sv\/wp-json\/wp\/v2\/pages"}],"about":[{"href":"https:\/\/www.lemmikkienlakipalvelut.fi\/sv\/wp-json\/wp\/v2\/types\/page"}],"author":[{"embeddable":true,"href":"https:\/\/www.lemmikkienlakipalvelut.fi\/sv\/wp-json\/wp\/v2\/users\/1"}],"replies":[{"embeddable":true,"href":"https:\/\/www.lemmikkienlakipalvelut.fi\/sv\/wp-json\/wp\/v2\/comments?post=143"}],"version-history":[{"count":19,"href":"https:\/\/www.lemmikkienlakipalvelut.fi\/sv\/wp-json\/wp\/v2\/pages\/143\/revisions"}],"predecessor-version":[{"id":1088,"href":"https:\/\/www.lemmikkienlakipalvelut.fi\/sv\/wp-json\/wp\/v2\/pages\/143\/revisions\/1088"}],"wp:attachment":[{"href":"https:\/\/www.lemmikkienlakipalvelut.fi\/sv\/wp-json\/wp\/v2\/media?parent=143"}],"curies":[{"name":"wp","href":"https:\/\/api.w.org\/{rel}","templated":true}]}}