{"id":145,"date":"2021-05-05T08:45:40","date_gmt":"2021-05-05T08:45:40","guid":{"rendered":"https:\/\/www.lemmikkienlakipalvelut.fi\/?page_id=145"},"modified":"2021-06-03T10:11:03","modified_gmt":"2021-06-03T10:11:03","slug":"faq","status":"publish","type":"page","link":"https:\/\/www.lemmikkienlakipalvelut.fi\/sv\/faq\/","title":{"rendered":"FAQ"},"content":{"rendered":"<h1>FAQ<\/h1>\n<p>\t\t\t\t\t\t\t\t\t\t\t\t<a href=\"\">F\u00f6r\u00e4ldrarnas underh\u00e5llsskyldighet gentemot sina barn \u00e4r en sj\u00e4lvklarhet i dagens l\u00e4ge. Varf\u00f6r har husdjuren inte samma r\u00e4ttighet? Hur kan man f\u00e5 till st\u00e5nd en s\u00e5dan r\u00e4ttighet till sitt husdjur?<\/a><\/p>\n<p>F\u00f6r att l\u00f6sa denna fr\u00e5ga och s\u00e4kerst\u00e4lla ditt husdjurs r\u00e4ttigheter g\u00f6r vi upp ett avtal d\u00e4r parterna kommer \u00f6verens om detta. Efter det beh\u00f6ver du inte l\u00e4ngre fundera p\u00e5 saken.<\/p>\n<p>\t\t\t\t\t\t\t\t\t\t\t\t<a href=\"\">Att ha hund idag h\u00e4nger ihop med ansenliga utgifter. Vem ansvarar f\u00f6r dessa om \u00e4garna separerar?<\/a><\/p>\n<p>Det \u00e4r sant, vi vet att veterin\u00e4rkostnader kan g\u00e5 upp till tusentals euro och att f\u00f6rs\u00e4kringarna ofta upph\u00f6r att g\u00e4lla d\u00e5 djuret blir \u00e4ldre. Om \u00e4garna inte har avtalat om detta, ska husdjurets \u00e4gare betala dessa kostnader.<\/p>\n<p>\t\t\t\t\t\t\t\t\t\t\t\t<a href=\"\">Vem \u00e4r ber\u00e4ttigad att anv\u00e4nda v\u00e5r hunds f\u00f6rs\u00e4kring om det uppkommer en strid mellan oss och f\u00f6rs\u00e4kringen endast \u00e4r i den enas namn?<\/a><\/p>\n<p>Endast den personen som har f\u00f6rs\u00e4kringen i sitt namn.<\/p>\n<p>\t\t\t\t\t\t\t\t\t\t\t\t<a href=\"\">Jag har aldrig t\u00e4nkt p\u00e5 att jag inte skulle ha r\u00e4tt att spendera tid med Jekku om vi separerar, eftersom hunden \u00e4r i min makes namn.<\/a><\/p>\n<p>Tyv\u00e4rr \u00e4r det s\u00e5 om saken inte avtalats om. Detta \u00e4r orsaken till att vi erbjuder denna service som l\u00f6ser detta problem.<\/p>\n<p>\t\t\t\t\t\t\t\t\t\t\t\t<a href=\"\">Om vi g\u00f6r upp ett avtal om v\u00e5rdnad och umg\u00e4ngesr\u00e4tt g\u00e4llande v\u00e5r hund, binder avtalet oss i framtiden?<\/a><\/p>\n<p>Jo, om avtalet \u00e4r uppgjort korrekt binder det b\u00e5da parterna.<\/p>\n<p>\t\t\t\t\t\t\t\t\t\t\t\t<a href=\"\">Hos vem bor hunden om vi separerar?<\/a><\/p>\n<p>Om ni inte kan avtala om saken best\u00e4mmer hundens \u00e4gare detta. Om b\u00e5da \u00e4r m\u00e4rkta som \u00e4gare och ni inte kommer \u00f6verens om saken, m\u00e5ste \u00e4rendet i sista hand avg\u00f6ras av domstol.<\/p>\n<p>\t\t\t\t\t\t\t\t\t\t\t\t<a href=\"\">Vem av oss \u00e4r skyldiga att betala husdjurets veterin\u00e4rkostnader, om det uppkommer en strid om det?<\/a><\/p>\n<p>Husdjurets \u00e4gare. Om b\u00e5da \u00e4r \u00e4gare, delas kostnaderna mellan \u00e4garna.<\/p>\n<p>\t\t\t\t\t\t\t\t\t\t\t\t<a href=\"\">Att ha en hund \u00e4r f\u00f6rknippad med ansenliga m\u00e5natliga utgifter. Vem ansvarar f\u00f6r dessa om det uppkommer en strid och vi inte har avtalat om saken?<\/a><\/p>\n<p>Vanligtvis \u00e4garen. Om det finns m\u00e5nga \u00e4gare, delas kostnaderna mellan \u00e4garna. <\/p>\n<p>\t\t\t\t\t\t\t\t\t\t\t\t<a href=\"\">Vi separerade oss och mitt ex anv\u00e4nder katten som spelknapp f\u00f6r att h\u00e4mnas och utpressa f\u00f6rm\u00e5ner. Vad kan jag g\u00f6ra? Skulle jag ha kunnat g\u00f6ra n\u00e5gonting i f\u00f6rv\u00e4g?<\/a><\/p>\n<p>Detta \u00e4r en tr\u00e5kig situation f\u00f6r dig och djuret. Tyv\u00e4rr \u00e4r det inte f\u00f6rsta g\u00e5ngen vi ser en situation som denna. Ni kunde ha gjort ett avtal i f\u00f6rv\u00e4g, dvs. ett s\u00e5dant avtal som vi erbjuder v\u00e5ra kunder. Nu borde du \u00f6verv\u00e4ga att fr\u00e5ga hj\u00e4lp av en jurist om ni inte kan komma \u00f6verens om saken.<\/p>\n<p>\t\t\t\t\t\t\t\t\t\t\t\t<a href=\"\">Vad h\u00e4nder till v\u00e5r katt och hund om den ena av oss avlider och vi inte har ett inb\u00f6rdes testamente?<\/a><\/p>\n<p>Det vore bra f\u00f6r er att g\u00f6ra upp ett inb\u00f6rdes testamente d\u00e4r ni kommer \u00f6verens om era husdjur ifall n\u00e5gondera avlider, s\u00e5 beh\u00f6ver ni inte fundera p\u00e5 detta.<\/p>","protected":false},"excerpt":{"rendered":"<p>FAQ Lasten elatusvelvollisuus lapsia kohtaan on t\u00e4n\u00e4 p\u00e4iv\u00e4n\u00e4 itsest\u00e4\u00e4n selvyys. Miksi lemmikeille ei ole taattu samaa oikeutta? Miten se tulisi tehd\u00e4? T\u00e4m\u00e4n asian ratkaisemiseksi ja turvatakseen lemmikkisi oikeudet laadimme huoltajien v\u00e4lisen sopimuksen jossa n\u00e4ist\u00e4 asioista sitovasti osapuolet sopivat ja t\u00e4m\u00e4n j\u00e4lkeen t\u00e4t\u00e4 asiaa ei tarvitse pohtia. Koiran pitoon liittyy t\u00e4n\u00e4 p\u00e4iv\u00e4n\u00e4 huomattava m\u00e4\u00e4r\u00e4 kustannuksia. Kuka [&hellip;]<\/p>","protected":false},"author":1,"featured_media":0,"parent":0,"menu_order":0,"comment_status":"closed","ping_status":"closed","template":"elementor_header_footer","meta":{"hide_page_title":""},"yoast_head":"<!-- This site is optimized with the Yoast SEO plugin v21.8.1 - https:\/\/yoast.com\/wordpress\/plugins\/seo\/ -->\n<title>FAQ - Lemmikkien lakipalvelut<\/title>\n<meta name=\"robots\" content=\"index, follow, max-snippet:-1, max-image-preview:large, max-video-preview:-1\" \/>\n<link rel=\"canonical\" href=\"https:\/\/www.lemmikkienlakipalvelut.fi\/sv\/faq\/\" \/>\n<meta property=\"og:locale\" content=\"sv_SE\" \/>\n<meta property=\"og:type\" content=\"article\" \/>\n<meta property=\"og:title\" content=\"FAQ - Lemmikkien lakipalvelut\" \/>\n<meta property=\"og:description\" content=\"FAQ Lasten elatusvelvollisuus lapsia kohtaan on t\u00e4n\u00e4 p\u00e4iv\u00e4n\u00e4 itsest\u00e4\u00e4n selvyys. Miksi lemmikeille ei ole taattu samaa oikeutta? Miten se tulisi tehd\u00e4? T\u00e4m\u00e4n asian ratkaisemiseksi ja turvatakseen lemmikkisi oikeudet laadimme huoltajien v\u00e4lisen sopimuksen jossa n\u00e4ist\u00e4 asioista sitovasti osapuolet sopivat ja t\u00e4m\u00e4n j\u00e4lkeen t\u00e4t\u00e4 asiaa ei tarvitse pohtia. Koiran pitoon liittyy t\u00e4n\u00e4 p\u00e4iv\u00e4n\u00e4 huomattava m\u00e4\u00e4r\u00e4 kustannuksia. Kuka [&hellip;]\" \/>\n<meta property=\"og:url\" content=\"https:\/\/www.lemmikkienlakipalvelut.fi\/sv\/faq\/\" \/>\n<meta property=\"og:site_name\" content=\"Lemmikkien lakipalvelut\" \/>\n<meta property=\"article:publisher\" content=\"https:\/\/www.facebook.com\/Lemmikkiel%c3%a4inten-lakiasiaintoimisto-JenniMinni-102363868709126\/\" \/>\n<meta property=\"article:modified_time\" content=\"2021-06-03T10:11:03+00:00\" \/>\n<meta name=\"twitter:card\" content=\"summary_large_image\" \/>\n<meta name=\"twitter:label1\" content=\"Ber\u00e4knad l\u00e4stid\" \/>\n\t<meta name=\"twitter:data1\" content=\"2 minuter\" \/>\n<script type=\"application\/ld+json\" class=\"yoast-schema-graph\">{\"@context\":\"https:\/\/schema.org\",\"@graph\":[{\"@type\":\"WebPage\",\"@id\":\"https:\/\/www.lemmikkienlakipalvelut.fi\/faq\/\",\"url\":\"https:\/\/www.lemmikkienlakipalvelut.fi\/faq\/\",\"name\":\"FAQ - Lemmikkien lakipalvelut\",\"isPartOf\":{\"@id\":\"https:\/\/www.lemmikkienlakipalvelut.fi\/#website\"},\"datePublished\":\"2021-05-05T08:45:40+00:00\",\"dateModified\":\"2021-06-03T10:11:03+00:00\",\"breadcrumb\":{\"@id\":\"https:\/\/www.lemmikkienlakipalvelut.fi\/faq\/#breadcrumb\"},\"inLanguage\":\"sv-SE\",\"potentialAction\":[{\"@type\":\"ReadAction\",\"target\":[\"https:\/\/www.lemmikkienlakipalvelut.fi\/faq\/\"]}]},{\"@type\":\"BreadcrumbList\",\"@id\":\"https:\/\/www.lemmikkienlakipalvelut.fi\/faq\/#breadcrumb\",\"itemListElement\":[{\"@type\":\"ListItem\",\"position\":1,\"name\":\"Etusivu\",\"item\":\"https:\/\/www.lemmikkienlakipalvelut.fi\/\"},{\"@type\":\"ListItem\",\"position\":2,\"name\":\"FAQ\"}]},{\"@type\":\"WebSite\",\"@id\":\"https:\/\/www.lemmikkienlakipalvelut.fi\/#website\",\"url\":\"https:\/\/www.lemmikkienlakipalvelut.fi\/\",\"name\":\"Lemmikkien lakipalvelut\",\"description\":\"\",\"publisher\":{\"@id\":\"https:\/\/www.lemmikkienlakipalvelut.fi\/#organization\"},\"potentialAction\":[{\"@type\":\"SearchAction\",\"target\":{\"@type\":\"EntryPoint\",\"urlTemplate\":\"https:\/\/www.lemmikkienlakipalvelut.fi\/?s={search_term_string}\"},\"query-input\":\"required name=search_term_string\"}],\"inLanguage\":\"sv-SE\"},{\"@type\":\"Organization\",\"@id\":\"https:\/\/www.lemmikkienlakipalvelut.fi\/#organization\",\"name\":\"Lemmikkienlakipalvelut\",\"url\":\"https:\/\/www.lemmikkienlakipalvelut.fi\/\",\"logo\":{\"@type\":\"ImageObject\",\"inLanguage\":\"sv-SE\",\"@id\":\"https:\/\/www.lemmikkienlakipalvelut.fi\/#\/schema\/logo\/image\/\",\"url\":\"https:\/\/www.lemmikkienlakipalvelut.fi\/wp-content\/uploads\/2021\/05\/Vector-file.png\",\"contentUrl\":\"https:\/\/www.lemmikkienlakipalvelut.fi\/wp-content\/uploads\/2021\/05\/Vector-file.png\",\"width\":4276,\"height\":2881,\"caption\":\"Lemmikkienlakipalvelut\"},\"image\":{\"@id\":\"https:\/\/www.lemmikkienlakipalvelut.fi\/#\/schema\/logo\/image\/\"},\"sameAs\":[\"https:\/\/www.facebook.com\/Lemmikkiel\u00e4inten-lakiasiaintoimisto-JenniMinni-102363868709126\/\"]}]}<\/script>\n<!-- \/ Yoast SEO plugin. -->","yoast_head_json":{"title":"FAQ - Lemmikkien lakipalvelut","robots":{"index":"index","follow":"follow","max-snippet":"max-snippet:-1","max-image-preview":"max-image-preview:large","max-video-preview":"max-video-preview:-1"},"canonical":"https:\/\/www.lemmikkienlakipalvelut.fi\/sv\/faq\/","og_locale":"sv_SE","og_type":"article","og_title":"FAQ - Lemmikkien lakipalvelut","og_description":"FAQ Lasten elatusvelvollisuus lapsia kohtaan on t\u00e4n\u00e4 p\u00e4iv\u00e4n\u00e4 itsest\u00e4\u00e4n selvyys. Miksi lemmikeille ei ole taattu samaa oikeutta? Miten se tulisi tehd\u00e4? T\u00e4m\u00e4n asian ratkaisemiseksi ja turvatakseen lemmikkisi oikeudet laadimme huoltajien v\u00e4lisen sopimuksen jossa n\u00e4ist\u00e4 asioista sitovasti osapuolet sopivat ja t\u00e4m\u00e4n j\u00e4lkeen t\u00e4t\u00e4 asiaa ei tarvitse pohtia. Koiran pitoon liittyy t\u00e4n\u00e4 p\u00e4iv\u00e4n\u00e4 huomattava m\u00e4\u00e4r\u00e4 kustannuksia. Kuka [&hellip;]","og_url":"https:\/\/www.lemmikkienlakipalvelut.fi\/sv\/faq\/","og_site_name":"Lemmikkien lakipalvelut","article_publisher":"https:\/\/www.facebook.com\/Lemmikkiel%c3%a4inten-lakiasiaintoimisto-JenniMinni-102363868709126\/","article_modified_time":"2021-06-03T10:11:03+00:00","twitter_card":"summary_large_image","twitter_misc":{"Ber\u00e4knad l\u00e4stid":"2 minuter"},"schema":{"@context":"https:\/\/schema.org","@graph":[{"@type":"WebPage","@id":"https:\/\/www.lemmikkienlakipalvelut.fi\/faq\/","url":"https:\/\/www.lemmikkienlakipalvelut.fi\/faq\/","name":"FAQ - Lemmikkien lakipalvelut","isPartOf":{"@id":"https:\/\/www.lemmikkienlakipalvelut.fi\/#website"},"datePublished":"2021-05-05T08:45:40+00:00","dateModified":"2021-06-03T10:11:03+00:00","breadcrumb":{"@id":"https:\/\/www.lemmikkienlakipalvelut.fi\/faq\/#breadcrumb"},"inLanguage":"sv-SE","potentialAction":[{"@type":"ReadAction","target":["https:\/\/www.lemmikkienlakipalvelut.fi\/faq\/"]}]},{"@type":"BreadcrumbList","@id":"https:\/\/www.lemmikkienlakipalvelut.fi\/faq\/#breadcrumb","itemListElement":[{"@type":"ListItem","position":1,"name":"Etusivu","item":"https:\/\/www.lemmikkienlakipalvelut.fi\/"},{"@type":"ListItem","position":2,"name":"FAQ"}]},{"@type":"WebSite","@id":"https:\/\/www.lemmikkienlakipalvelut.fi\/#website","url":"https:\/\/www.lemmikkienlakipalvelut.fi\/","name":"Lemmikkien lakipalvelut","description":"","publisher":{"@id":"https:\/\/www.lemmikkienlakipalvelut.fi\/#organization"},"potentialAction":[{"@type":"SearchAction","target":{"@type":"EntryPoint","urlTemplate":"https:\/\/www.lemmikkienlakipalvelut.fi\/?s={search_term_string}"},"query-input":"required name=search_term_string"}],"inLanguage":"sv-SE"},{"@type":"Organization","@id":"https:\/\/www.lemmikkienlakipalvelut.fi\/#organization","name":"Lemmikkienlakipalvelut","url":"https:\/\/www.lemmikkienlakipalvelut.fi\/","logo":{"@type":"ImageObject","inLanguage":"sv-SE","@id":"https:\/\/www.lemmikkienlakipalvelut.fi\/#\/schema\/logo\/image\/","url":"https:\/\/www.lemmikkienlakipalvelut.fi\/wp-content\/uploads\/2021\/05\/Vector-file.png","contentUrl":"https:\/\/www.lemmikkienlakipalvelut.fi\/wp-content\/uploads\/2021\/05\/Vector-file.png","width":4276,"height":2881,"caption":"Lemmikkienlakipalvelut"},"image":{"@id":"https:\/\/www.lemmikkienlakipalvelut.fi\/#\/schema\/logo\/image\/"},"sameAs":["https:\/\/www.facebook.com\/Lemmikkiel\u00e4inten-lakiasiaintoimisto-JenniMinni-102363868709126\/"]}]}},"_links":{"self":[{"href":"https:\/\/www.lemmikkienlakipalvelut.fi\/sv\/wp-json\/wp\/v2\/pages\/145"}],"collection":[{"href":"https:\/\/www.lemmikkienlakipalvelut.fi\/sv\/wp-json\/wp\/v2\/pages"}],"about":[{"href":"https:\/\/www.lemmikkienlakipalvelut.fi\/sv\/wp-json\/wp\/v2\/types\/page"}],"author":[{"embeddable":true,"href":"https:\/\/www.lemmikkienlakipalvelut.fi\/sv\/wp-json\/wp\/v2\/users\/1"}],"replies":[{"embeddable":true,"href":"https:\/\/www.lemmikkienlakipalvelut.fi\/sv\/wp-json\/wp\/v2\/comments?post=145"}],"version-history":[{"count":22,"href":"https:\/\/www.lemmikkienlakipalvelut.fi\/sv\/wp-json\/wp\/v2\/pages\/145\/revisions"}],"predecessor-version":[{"id":777,"href":"https:\/\/www.lemmikkienlakipalvelut.fi\/sv\/wp-json\/wp\/v2\/pages\/145\/revisions\/777"}],"wp:attachment":[{"href":"https:\/\/www.lemmikkienlakipalvelut.fi\/sv\/wp-json\/wp\/v2\/media?parent=145"}],"curies":[{"name":"wp","href":"https:\/\/api.w.org\/{rel}","templated":true}]}}