{"id":151,"date":"2021-05-05T08:35:58","date_gmt":"2021-05-05T08:35:58","guid":{"rendered":"https:\/\/www.lemmikkienlakipalvelut.fi\/?page_id=151"},"modified":"2024-10-24T13:51:43","modified_gmt":"2024-10-24T13:51:43","slug":"hinnasto","status":"publish","type":"page","link":"https:\/\/www.lemmikkienlakipalvelut.fi\/sv\/hinnasto\/","title":{"rendered":"Prislista"},"content":{"rendered":"<h1>Prislista<\/h1>\n<p>V\u00e5rt kontors fakturering baserar sig p\u00e5 tiden som anv\u00e4nts till uppdraget. Timdebiteringen inneh\u00e5ller de allm\u00e4nna kontorsavgifterna.<br \/>\nJuristens debitering baserar sig p\u00e5 tiden som anv\u00e4nts till uppdraget och hur kr\u00e4vande uppdraget \u00e4r. F\u00f6r uppgifter som utf\u00f6rs utanf\u00f6r den lagenliga arbetstiden, p\u00e5 ett fr\u00e4mmande spr\u00e5k eller i exceptionellt sv\u00e5ra omst\u00e4ndigheter eller br\u00e5dskande p\u00e5 grund av orsak som inte beror p\u00e5 juristen kan en h\u00f6jd timdebitering debiteras. \nEn f\u00f6rh\u00f6jd timdebitering kan \u00e4ven debiteras f\u00f6r \u00e5tg\u00e4rder som utf\u00f6rts p\u00e5 l\u00f6rdagar, s\u00f6ndagar eller helgdagar p\u00e5 basis av kundens beg\u00e4ran eller d\u00e5 uppdraget s\u00e5 kr\u00e4ver.<\/p>\n<p><strong>R\u00e4ttsskyddsf\u00f6rs\u00e4kring<br \/>\n<\/strong><br \/>\nM\u00e5nga hemf\u00f6rs\u00e4kringar inneh\u00e5ller en r\u00e4ttsskyddsf\u00f6rs\u00e4kring som t\u00e4cker en del av r\u00e4tteg\u00e5ngskostnaderna f\u00f6rutom egenrisken. Byr\u00e5ns r\u00e4kning riktas fr\u00e5n fall till fall till kunden att betala sj\u00e4lv och kunden sk\u00f6ter ans\u00f6kan av ers\u00e4ttning fr\u00e5n sin egen f\u00f6rs\u00e4kringsbyr\u00e5 i enlighet med kundens och f\u00f6rs\u00e4kringsbolagets avtal.<\/p>\n<p><strong>Juridiska tj\u00e4nster:<\/strong><\/p>\n<p>(Suluissa verollinen hinta, alv 25,5%)<\/p>\n<div class=\"\">Palvelumme k\u00e4sitt\u00e4v\u00e4t:<br class=\"\" \/>Lakimiehen tavanomaisen toimeksiannon perushinta on 255,00 (320,03e\/h). Lakimiehen erityisasiantuntemusta vaativien toimeksiantojen hinnasta sovitaan erikseen.<\/div>\n<div><\/div>\n<div class=\"\">Tarjoamme my\u00f6s paketin, joka pit\u00e4\u00e4 sis\u00e4ll\u00e4\u00e4n tunnin videoneuvottelun lakimiehen kanssa, sek\u00e4 perushuolto- ja tapaamissopimuksen laatimisen yhteishintaan 450,00\u20ac (564,75 \u20ac). T\u00e4m\u00e4n paketin ja ajan voit varata suoraan soittamalla tai s\u00e4hk\u00f6postitse. <a href=\"https:\/\/www.lemmikkienlakipalvelut.fi\/sv\/yhteystiedot\/\" target=\"_blank\" rel=\"noopener\">Yhteystiedot l\u00f6yd\u00e4t t\u00e4\u00e4lt\u00e4.<\/a><\/div>\n<div><\/div>\n<div class=\"\">Minimidebiteringen f\u00f6r upptr\u00e4dande i domstol \u00e4r 3 timmar oberoende av anv\u00e4nd tid.<\/div>\n<div><\/div>\n<div class=\"\">Myndighetsavgifter och andra avgifter (t.ex. resekostnader 0,56 \u20ac \/ km och kopieringsavgifter 0,37 \u20ac f\u00f6r stora kopieringsarbeten) debiteras skilt.<\/div>\n<div><\/div>\n<div class=\"\">Matkoihin kuluneesta ajasta laskutetaan sovitun tuntihinnan mukaisesti ensimm\u00e4isten kolmen tunnin ajalta. Mik\u00e4li matka-aika ylitt\u00e4\u00e4 kolme tuntia, veloitetaan yli menev\u00e4st\u00e4 ajasta 130 \u20ac\/h (+ alv 25,5 %).<\/div>\n<p>Lakialan k\u00e4yt\u00e4nn\u00f6n mukaisesti laskutamme yksitt\u00e4isist\u00e4 puhelinneuvotteluista, s\u00e4hk\u00f6posteista ja niihin vastaamisesta aikaveloituksen mukaisesti kuitenkin siten, ett\u00e4 v\u00e4himm\u00e4isveloitus on ajan k\u00e4yt\u00f6st\u00e4 riippumatta aina 15 minuuttia. Tekstiviesteist\u00e4 ja niihin vastaamisesta laskutamme 10 minuutin aikaveloituksen mukaisesti.<\/p>","protected":false},"excerpt":{"rendered":"<p>Hinnasto Toimistomme laskutus perustuu toimeksiannon hoitamiseen k\u00e4ytettyyn aikaan. Tuntihinta pit\u00e4\u00e4 sis\u00e4ll\u00e4\u00e4n toimiston yleiskulut. Lakimiehen palkkio m\u00e4\u00e4r\u00e4ytyy toimeksiannon vaatiman ty\u00f6n m\u00e4\u00e4r\u00e4n ja laadun mukaan. S\u00e4\u00e4nn\u00f6nmukaisen ty\u00f6ajan ulkopuolella, vieraalla kielell\u00e4, ulkomailla, erityisen vaikeissa olosuhteissa tai lakimiehest\u00e4 riippumattomasta syyst\u00e4 erityisen kiireellisen\u00e4 suoritettavasta teht\u00e4v\u00e4st\u00e4 voidaan peri\u00e4 korotettu palkkio. Lauantaisin, sunnuntaisin tai pyh\u00e4p\u00e4ivin\u00e4, asiakkaan pyynn\u00f6st\u00e4 tai toimeksiannon sit\u00e4 ehdottomasti vaatiessa, [&hellip;]<\/p>","protected":false},"author":1,"featured_media":0,"parent":0,"menu_order":0,"comment_status":"closed","ping_status":"closed","template":"","meta":{"hide_page_title":""},"yoast_head":"<!-- This site is optimized with the Yoast SEO plugin v21.8.1 - https:\/\/yoast.com\/wordpress\/plugins\/seo\/ -->\n<title>Hinnasto - Lemmikkien lakipalvelut<\/title>\n<meta name=\"robots\" content=\"index, follow, max-snippet:-1, max-image-preview:large, max-video-preview:-1\" \/>\n<link rel=\"canonical\" href=\"https:\/\/www.lemmikkienlakipalvelut.fi\/sv\/hinnasto\/\" \/>\n<meta property=\"og:locale\" content=\"sv_SE\" \/>\n<meta property=\"og:type\" content=\"article\" \/>\n<meta property=\"og:title\" content=\"Hinnasto - Lemmikkien lakipalvelut\" \/>\n<meta property=\"og:description\" content=\"Hinnasto Toimistomme laskutus perustuu toimeksiannon hoitamiseen k\u00e4ytettyyn aikaan. Tuntihinta pit\u00e4\u00e4 sis\u00e4ll\u00e4\u00e4n toimiston yleiskulut. Lakimiehen palkkio m\u00e4\u00e4r\u00e4ytyy toimeksiannon vaatiman ty\u00f6n m\u00e4\u00e4r\u00e4n ja laadun mukaan. S\u00e4\u00e4nn\u00f6nmukaisen ty\u00f6ajan ulkopuolella, vieraalla kielell\u00e4, ulkomailla, erityisen vaikeissa olosuhteissa tai lakimiehest\u00e4 riippumattomasta syyst\u00e4 erityisen kiireellisen\u00e4 suoritettavasta teht\u00e4v\u00e4st\u00e4 voidaan peri\u00e4 korotettu palkkio. Lauantaisin, sunnuntaisin tai pyh\u00e4p\u00e4ivin\u00e4, asiakkaan pyynn\u00f6st\u00e4 tai toimeksiannon sit\u00e4 ehdottomasti vaatiessa, [&hellip;]\" \/>\n<meta property=\"og:url\" content=\"https:\/\/www.lemmikkienlakipalvelut.fi\/sv\/hinnasto\/\" \/>\n<meta property=\"og:site_name\" content=\"Lemmikkien lakipalvelut\" \/>\n<meta property=\"article:publisher\" content=\"https:\/\/www.facebook.com\/Lemmikkiel%c3%a4inten-lakiasiaintoimisto-JenniMinni-102363868709126\/\" \/>\n<meta property=\"article:modified_time\" content=\"2024-10-24T13:51:43+00:00\" \/>\n<meta name=\"twitter:card\" content=\"summary_large_image\" \/>\n<meta name=\"twitter:label1\" content=\"Ber\u00e4knad l\u00e4stid\" \/>\n\t<meta name=\"twitter:data1\" content=\"2 minuter\" \/>\n<script type=\"application\/ld+json\" class=\"yoast-schema-graph\">{\"@context\":\"https:\/\/schema.org\",\"@graph\":[{\"@type\":\"WebPage\",\"@id\":\"https:\/\/www.lemmikkienlakipalvelut.fi\/hinnasto\/\",\"url\":\"https:\/\/www.lemmikkienlakipalvelut.fi\/hinnasto\/\",\"name\":\"Hinnasto - Lemmikkien lakipalvelut\",\"isPartOf\":{\"@id\":\"https:\/\/www.lemmikkienlakipalvelut.fi\/#website\"},\"datePublished\":\"2021-05-05T08:35:58+00:00\",\"dateModified\":\"2024-10-24T13:51:43+00:00\",\"breadcrumb\":{\"@id\":\"https:\/\/www.lemmikkienlakipalvelut.fi\/hinnasto\/#breadcrumb\"},\"inLanguage\":\"sv-SE\",\"potentialAction\":[{\"@type\":\"ReadAction\",\"target\":[\"https:\/\/www.lemmikkienlakipalvelut.fi\/hinnasto\/\"]}]},{\"@type\":\"BreadcrumbList\",\"@id\":\"https:\/\/www.lemmikkienlakipalvelut.fi\/hinnasto\/#breadcrumb\",\"itemListElement\":[{\"@type\":\"ListItem\",\"position\":1,\"name\":\"Etusivu\",\"item\":\"https:\/\/www.lemmikkienlakipalvelut.fi\/\"},{\"@type\":\"ListItem\",\"position\":2,\"name\":\"Hinnasto\"}]},{\"@type\":\"WebSite\",\"@id\":\"https:\/\/www.lemmikkienlakipalvelut.fi\/#website\",\"url\":\"https:\/\/www.lemmikkienlakipalvelut.fi\/\",\"name\":\"Lemmikkien lakipalvelut\",\"description\":\"\",\"publisher\":{\"@id\":\"https:\/\/www.lemmikkienlakipalvelut.fi\/#organization\"},\"potentialAction\":[{\"@type\":\"SearchAction\",\"target\":{\"@type\":\"EntryPoint\",\"urlTemplate\":\"https:\/\/www.lemmikkienlakipalvelut.fi\/?s={search_term_string}\"},\"query-input\":\"required name=search_term_string\"}],\"inLanguage\":\"sv-SE\"},{\"@type\":\"Organization\",\"@id\":\"https:\/\/www.lemmikkienlakipalvelut.fi\/#organization\",\"name\":\"Lemmikkienlakipalvelut\",\"url\":\"https:\/\/www.lemmikkienlakipalvelut.fi\/\",\"logo\":{\"@type\":\"ImageObject\",\"inLanguage\":\"sv-SE\",\"@id\":\"https:\/\/www.lemmikkienlakipalvelut.fi\/#\/schema\/logo\/image\/\",\"url\":\"https:\/\/www.lemmikkienlakipalvelut.fi\/wp-content\/uploads\/2021\/05\/Vector-file.png\",\"contentUrl\":\"https:\/\/www.lemmikkienlakipalvelut.fi\/wp-content\/uploads\/2021\/05\/Vector-file.png\",\"width\":4276,\"height\":2881,\"caption\":\"Lemmikkienlakipalvelut\"},\"image\":{\"@id\":\"https:\/\/www.lemmikkienlakipalvelut.fi\/#\/schema\/logo\/image\/\"},\"sameAs\":[\"https:\/\/www.facebook.com\/Lemmikkiel\u00e4inten-lakiasiaintoimisto-JenniMinni-102363868709126\/\"]}]}<\/script>\n<!-- \/ Yoast SEO plugin. -->","yoast_head_json":{"title":"Hinnasto - Lemmikkien lakipalvelut","robots":{"index":"index","follow":"follow","max-snippet":"max-snippet:-1","max-image-preview":"max-image-preview:large","max-video-preview":"max-video-preview:-1"},"canonical":"https:\/\/www.lemmikkienlakipalvelut.fi\/sv\/hinnasto\/","og_locale":"sv_SE","og_type":"article","og_title":"Hinnasto - Lemmikkien lakipalvelut","og_description":"Hinnasto Toimistomme laskutus perustuu toimeksiannon hoitamiseen k\u00e4ytettyyn aikaan. Tuntihinta pit\u00e4\u00e4 sis\u00e4ll\u00e4\u00e4n toimiston yleiskulut. Lakimiehen palkkio m\u00e4\u00e4r\u00e4ytyy toimeksiannon vaatiman ty\u00f6n m\u00e4\u00e4r\u00e4n ja laadun mukaan. S\u00e4\u00e4nn\u00f6nmukaisen ty\u00f6ajan ulkopuolella, vieraalla kielell\u00e4, ulkomailla, erityisen vaikeissa olosuhteissa tai lakimiehest\u00e4 riippumattomasta syyst\u00e4 erityisen kiireellisen\u00e4 suoritettavasta teht\u00e4v\u00e4st\u00e4 voidaan peri\u00e4 korotettu palkkio. Lauantaisin, sunnuntaisin tai pyh\u00e4p\u00e4ivin\u00e4, asiakkaan pyynn\u00f6st\u00e4 tai toimeksiannon sit\u00e4 ehdottomasti vaatiessa, [&hellip;]","og_url":"https:\/\/www.lemmikkienlakipalvelut.fi\/sv\/hinnasto\/","og_site_name":"Lemmikkien lakipalvelut","article_publisher":"https:\/\/www.facebook.com\/Lemmikkiel%c3%a4inten-lakiasiaintoimisto-JenniMinni-102363868709126\/","article_modified_time":"2024-10-24T13:51:43+00:00","twitter_card":"summary_large_image","twitter_misc":{"Ber\u00e4knad l\u00e4stid":"2 minuter"},"schema":{"@context":"https:\/\/schema.org","@graph":[{"@type":"WebPage","@id":"https:\/\/www.lemmikkienlakipalvelut.fi\/hinnasto\/","url":"https:\/\/www.lemmikkienlakipalvelut.fi\/hinnasto\/","name":"Hinnasto - Lemmikkien lakipalvelut","isPartOf":{"@id":"https:\/\/www.lemmikkienlakipalvelut.fi\/#website"},"datePublished":"2021-05-05T08:35:58+00:00","dateModified":"2024-10-24T13:51:43+00:00","breadcrumb":{"@id":"https:\/\/www.lemmikkienlakipalvelut.fi\/hinnasto\/#breadcrumb"},"inLanguage":"sv-SE","potentialAction":[{"@type":"ReadAction","target":["https:\/\/www.lemmikkienlakipalvelut.fi\/hinnasto\/"]}]},{"@type":"BreadcrumbList","@id":"https:\/\/www.lemmikkienlakipalvelut.fi\/hinnasto\/#breadcrumb","itemListElement":[{"@type":"ListItem","position":1,"name":"Etusivu","item":"https:\/\/www.lemmikkienlakipalvelut.fi\/"},{"@type":"ListItem","position":2,"name":"Hinnasto"}]},{"@type":"WebSite","@id":"https:\/\/www.lemmikkienlakipalvelut.fi\/#website","url":"https:\/\/www.lemmikkienlakipalvelut.fi\/","name":"Lemmikkien lakipalvelut","description":"","publisher":{"@id":"https:\/\/www.lemmikkienlakipalvelut.fi\/#organization"},"potentialAction":[{"@type":"SearchAction","target":{"@type":"EntryPoint","urlTemplate":"https:\/\/www.lemmikkienlakipalvelut.fi\/?s={search_term_string}"},"query-input":"required name=search_term_string"}],"inLanguage":"sv-SE"},{"@type":"Organization","@id":"https:\/\/www.lemmikkienlakipalvelut.fi\/#organization","name":"Lemmikkienlakipalvelut","url":"https:\/\/www.lemmikkienlakipalvelut.fi\/","logo":{"@type":"ImageObject","inLanguage":"sv-SE","@id":"https:\/\/www.lemmikkienlakipalvelut.fi\/#\/schema\/logo\/image\/","url":"https:\/\/www.lemmikkienlakipalvelut.fi\/wp-content\/uploads\/2021\/05\/Vector-file.png","contentUrl":"https:\/\/www.lemmikkienlakipalvelut.fi\/wp-content\/uploads\/2021\/05\/Vector-file.png","width":4276,"height":2881,"caption":"Lemmikkienlakipalvelut"},"image":{"@id":"https:\/\/www.lemmikkienlakipalvelut.fi\/#\/schema\/logo\/image\/"},"sameAs":["https:\/\/www.facebook.com\/Lemmikkiel\u00e4inten-lakiasiaintoimisto-JenniMinni-102363868709126\/"]}]}},"_links":{"self":[{"href":"https:\/\/www.lemmikkienlakipalvelut.fi\/sv\/wp-json\/wp\/v2\/pages\/151"}],"collection":[{"href":"https:\/\/www.lemmikkienlakipalvelut.fi\/sv\/wp-json\/wp\/v2\/pages"}],"about":[{"href":"https:\/\/www.lemmikkienlakipalvelut.fi\/sv\/wp-json\/wp\/v2\/types\/page"}],"author":[{"embeddable":true,"href":"https:\/\/www.lemmikkienlakipalvelut.fi\/sv\/wp-json\/wp\/v2\/users\/1"}],"replies":[{"embeddable":true,"href":"https:\/\/www.lemmikkienlakipalvelut.fi\/sv\/wp-json\/wp\/v2\/comments?post=151"}],"version-history":[{"count":23,"href":"https:\/\/www.lemmikkienlakipalvelut.fi\/sv\/wp-json\/wp\/v2\/pages\/151\/revisions"}],"predecessor-version":[{"id":1100,"href":"https:\/\/www.lemmikkienlakipalvelut.fi\/sv\/wp-json\/wp\/v2\/pages\/151\/revisions\/1100"}],"wp:attachment":[{"href":"https:\/\/www.lemmikkienlakipalvelut.fi\/sv\/wp-json\/wp\/v2\/media?parent=151"}],"curies":[{"name":"wp","href":"https:\/\/api.w.org\/{rel}","templated":true}]}}